{"id":997,"date":"2023-11-27T19:55:20","date_gmt":"2023-11-27T18:55:20","guid":{"rendered":"https:\/\/movex2023.nuevawebactual.es\/?page_id=997"},"modified":"2023-11-27T19:56:11","modified_gmt":"2023-11-27T18:56:11","slug":"aviso-legal","status":"publish","type":"page","link":"https:\/\/movex2023.nuevawebactual.es\/en\/aviso-legal\/","title":{"rendered":"Legal notice"},"content":{"rendered":"<div data-elementor-type=\"wp-page\" data-elementor-id=\"997\" class=\"elementor elementor-997\">\n\t\t\t\t<div class=\"elementor-element elementor-element-330f238 e-con-full e-flex e-con e-parent\" data-id=\"330f238\" data-element_type=\"container\" data-e-type=\"container\" data-settings=\"{&quot;background_background&quot;:&quot;classic&quot;}\">\n\t\t\t\t<div class=\"elementor-element elementor-element-e638ad1 elementor-widget elementor-widget-heading\" data-id=\"e638ad1\" data-element_type=\"widget\" data-e-type=\"widget\" data-widget_type=\"heading.default\">\n\t\t\t\t<div class=\"elementor-widget-container\">\n\t\t\t\t\t<h2 class=\"elementor-heading-title elementor-size-default\">AVISO LEGAL<\/h2>\t\t\t\t<\/div>\n\t\t\t\t<\/div>\n\t\t\t\t<\/div>\n\t\t<div class=\"elementor-element elementor-element-f1d27d0 e-flex e-con-boxed e-con e-parent\" data-id=\"f1d27d0\" data-element_type=\"container\" data-e-type=\"container\">\n\t\t\t\t\t<div class=\"e-con-inner\">\n\t\t\t\t<div class=\"elementor-element elementor-element-2898dc9 elementor-widget elementor-widget-text-editor\" data-id=\"2898dc9\" data-element_type=\"widget\" data-e-type=\"widget\" data-widget_type=\"text-editor.default\">\n\t\t\t\t<div class=\"elementor-widget-container\">\n\t\t\t\t\t\t\t\t\t<p>En cumplimiento de la Ley 34\/2002, de 11 de Julio, de Servicios de la Sociedad de la Informaci\u00f3n y del Comercio Electr\u00f3nico le comunicamos la siguiente informaci\u00f3n:<\/p><ol><li>Datos identificativos del responsable:<\/li><\/ol><p><b>TALLERES VELILLA, S.A.U\u00a0<\/b><\/p><p>Address:\u00a0<b>Ctra. De vic 80-82 \/ 08530 La Garriga \/ Barcelona \/ Espa\u00f1a<\/b><\/p><p>CIF:\u00a0<b>A08428658<\/b><\/p><p>Telf.:\u00a0<b>93 849 37 77\u00a0<\/b><\/p><p>e-mail:\u00a0<a href=\"mailto:info@movexlift.com\">info@movexlift.com<\/a><\/p><p><b>Registro Mercantil de Barcelona:\u00a0Tomo 5107 Libro 4419 de la Secci\u00f3n 2\u00aa Folio 1 Hoja 32320 Inscripci\u00f3n 1\u00aa\u00a0<\/b><\/p><p>La utilizaci\u00f3n del contenido y\/o servicios del portal por parte del usuario supone la aceptaci\u00f3n expresa de las siguientes condiciones:<\/p><ol start=\"2\"><li><b>Modificaciones, usuario y r\u00e9gimen de responsabilidades<\/b><\/li><\/ol><p><b>TALLERES VELILLA, S.A.U\u00a0\u00a0<\/b>se reserva el derecho de efectuar modificaciones en el contenido de este portal sin previo aviso, as\u00ed como de su configuraci\u00f3n y presentaci\u00f3n. Este portal puede contener enlaces a p\u00e1ginas externas, no siendo responsable del contenido de dichas p\u00e1ginas externas ni de cualquier otro aspecto relacionado con las mismas.<\/p><p><b>2.1.- Propiedad intelectual e industrial<\/b><\/p><p>Los textos, im\u00e1genes, logotipos y resto de contenidos incluidos en este portal son propiedad de\u00a0<b>TALLERES VELILLA, S.A.U.\u00a0<\/b>y queda prohibida la transmisi\u00f3n, distribuci\u00f3n, reproducci\u00f3n o almacenamiento, total o parcial, excepto si se obtiene el previo consentimiento de\u00a0<b>TALLERES VELILLA, S.A.U<\/b>, y salvo cuando se indique lo contrario.<\/p><p>Para poder instalar o utilizar cualquier software que se encuentre disponible para su descarga desde este portal, deben aceptarse previamente los t\u00e9rminos del contrato de licencia, si lo hubiera, que acompa\u00f1e o se incluya en el software. \u00a0no se hace responsable de los posibles da\u00f1os que se pudieran producir por el hecho de utilizar versiones no actualizadas de navegadores, o de las consecuencias que se pudieran derivar del mal funcionamiento del navegador, ya sea por configuraci\u00f3n inadecuada, presencia de virus inform\u00e1ticos o cualquier otra causa ajena a\u00a0<b>TALLERES VELILLA, S.A.U.<\/b><\/p><p><b>2.2.- Captura de informaci\u00f3n<\/b><\/p><p>En cumplimiento de la Ley Org\u00e1nica 3\/2018, de 5 de diciembre, de Protecci\u00f3n de Datos Personales y garant\u00eda de los derechos digitales,\u00a0<b>TALLERES VELILLA, S.A.U.\u00a0<\/b>le informa que los datos de car\u00e1cter personal que nos proporcione al cumplimentar alg\u00fan formulario de inscripci\u00f3n, solicitud o consulta que aparezca en la presente Web, ser\u00e1n objeto de tratamiento y recogidos en un tratamiento de datos (denominado \u201c<b>CONTACTOS WEB<\/b>\u201d) cuyo responsable es\u00a0<b>TALLERES VELILLA, S.A.U.<\/b><\/p><p>Para ejercer sus derechos de acceso, rectificaci\u00f3n, oposici\u00f3n, supresi\u00f3n, portabilidad y limitaci\u00f3n al tratamiento de sus datos personales, en los t\u00e9rminos y condiciones previstas en la propia normativa vigente en materia de protecci\u00f3n de datos, puede comunicarlo por escrito a\u00a0<b>TALLERES VELILLA, S.A.U.,\u00a0<\/b>Ctra. De Vic 80-82 \/ 08530 La Garriga<\/p><p>La recogida de sus datos de car\u00e1cter personal se lleva a cabo con la finalidad principal de poder ofrecer y prestarle los servicios ofrecidos en la presente web.<\/p><p><b>TALLERES VELILLA S.A.U.<\/b>\u00a0har\u00e1 uso de los datos de car\u00e1cter personal facilitados por usted exclusivamente para las finalidades indicadas.<\/p><p>No compartimos la informaci\u00f3n suministrada con terceros salvo exigencia legal o de procedimientos legales, y en ning\u00fan caso, vendemos este tipo de informaci\u00f3n.<\/p><p><b>3.- Seguridad:<\/b><\/p><p><b>TALLERES VELILLA, S.A.U.<\/b>\u00a0le informa que tiene implantadas las medidas de seguridad de \u00edndole t\u00e9cnica y organizativas necesarias que garanticen la seguridad de sus datos de car\u00e1cter personal y eviten su alteraci\u00f3n, p\u00e9rdida, tratamiento y\/o acceso no autorizado, seg\u00fan lo dispuesto en la Ley Org\u00e1nica 3\/2018, de 5 de diciembre, de Protecci\u00f3n de Datos Personales y garant\u00eda de los derechos digitales.<\/p><ol start=\"4\"><li><b>Acciones Legales, legislaci\u00f3n aplicable y jurisdicci\u00f3n<\/b><\/li><\/ol><p>Este Aviso Legal se rige en todos y cada uno de sus extremos por la ley espa\u00f1ola, siendo competentes para la resoluci\u00f3n de cualquier conflicto derivado o relacionado con el uso de este portal los Juzgados y Tribunales de Barcelona.<\/p>\t\t\t\t\t\t\t\t<\/div>\n\t\t\t\t<\/div>\n\t\t\t\t\t<\/div>\n\t\t\t\t<\/div>\n\t\t\t\t<\/div>","protected":false},"excerpt":{"rendered":"<p>AVISO LEGAL En cumplimiento de la Ley 34\/2002, de 11 de Julio, de Servicios de la Sociedad de la Informaci\u00f3n y del Comercio Electr\u00f3nico le comunicamos la siguiente informaci\u00f3n: Datos identificativos del responsable: TALLERES VELILLA, S.A.U\u00a0 Direcci\u00f3n:\u00a0Ctra. De vic 80-82 \/ 08530 La Garriga \/ Barcelona \/ Espa\u00f1a CIF:\u00a0A08428658 Telf.:\u00a093 849 37 77\u00a0 e-mail:\u00a0info@movexlift.com Registro &hellip;<\/p>\n<p class=\"read-more\"> <a class=\"\" href=\"https:\/\/movex2023.nuevawebactual.es\/en\/aviso-legal\/\"> <span class=\"screen-reader-text\">Legal notice<\/span> Read More &raquo;<\/a><\/p>","protected":false},"author":1,"featured_media":0,"parent":0,"menu_order":0,"comment_status":"closed","ping_status":"closed","template":"elementor_header_footer","meta":{"site-sidebar-layout":"no-sidebar","site-content-layout":"","ast-site-content-layout":"full-width-container","site-content-style":"default","site-sidebar-style":"default","ast-global-header-display":"","ast-banner-title-visibility":"","ast-main-header-display":"","ast-hfb-above-header-display":"","ast-hfb-below-header-display":"","ast-hfb-mobile-header-display":"","site-post-title":"disabled","ast-breadcrumbs-content":"","ast-featured-img":"disabled","footer-sml-layout":"","theme-transparent-header-meta":"","adv-header-id-meta":"","stick-header-meta":"","header-above-stick-meta":"","header-main-stick-meta":"","header-below-stick-meta":"","astra-migrate-meta-layouts":"","footnotes":""},"class_list":["post-997","page","type-page","status-publish","hentry"],"rttpg_featured_image_url":null,"rttpg_author":{"display_name":"DeveloperActu@l23","author_link":"https:\/\/movex2023.nuevawebactual.es\/en\/author\/developeractul23\/"},"rttpg_comment":0,"rttpg_category":null,"rttpg_excerpt":"AVISO LEGAL En cumplimiento de la Ley 34\/2002, de 11 de Julio, de Servicios de la Sociedad de la Informaci\u00f3n y del Comercio Electr\u00f3nico le comunicamos la siguiente informaci\u00f3n: Datos identificativos del responsable: TALLERES VELILLA, S.A.U\u00a0 Direcci\u00f3n:\u00a0Ctra. De vic 80-82 \/ 08530 La Garriga \/ Barcelona \/ Espa\u00f1a CIF:\u00a0A08428658 Telf.:\u00a093 849 37 77\u00a0 e-mail:\u00a0info@movexlift.com Registro&hellip;","_links":{"self":[{"href":"https:\/\/movex2023.nuevawebactual.es\/en\/wp-json\/wp\/v2\/pages\/997","targetHints":{"allow":["GET"]}}],"collection":[{"href":"https:\/\/movex2023.nuevawebactual.es\/en\/wp-json\/wp\/v2\/pages"}],"about":[{"href":"https:\/\/movex2023.nuevawebactual.es\/en\/wp-json\/wp\/v2\/types\/page"}],"author":[{"embeddable":true,"href":"https:\/\/movex2023.nuevawebactual.es\/en\/wp-json\/wp\/v2\/users\/1"}],"replies":[{"embeddable":true,"href":"https:\/\/movex2023.nuevawebactual.es\/en\/wp-json\/wp\/v2\/comments?post=997"}],"version-history":[{"count":4,"href":"https:\/\/movex2023.nuevawebactual.es\/en\/wp-json\/wp\/v2\/pages\/997\/revisions"}],"predecessor-version":[{"id":1001,"href":"https:\/\/movex2023.nuevawebactual.es\/en\/wp-json\/wp\/v2\/pages\/997\/revisions\/1001"}],"wp:attachment":[{"href":"https:\/\/movex2023.nuevawebactual.es\/en\/wp-json\/wp\/v2\/media?parent=997"}],"curies":[{"name":"wp","href":"https:\/\/api.w.org\/{rel}","templated":true}]}}