{"id":843,"date":"2023-10-23T16:38:14","date_gmt":"2023-10-23T14:38:14","guid":{"rendered":"https:\/\/movex2023.nuevawebactual.es\/?page_id=843"},"modified":"2026-03-24T16:42:53","modified_gmt":"2026-03-24T15:42:53","slug":"serie-atl","status":"publish","type":"page","link":"https:\/\/movex2023.nuevawebactual.es\/en\/chasis\/serie-atl\/","title":{"rendered":"ATL Series"},"content":{"rendered":"<div data-elementor-type=\"wp-page\" data-elementor-id=\"843\" class=\"elementor elementor-843\">\n\t\t\t\t<div class=\"elementor-element elementor-element-d49418e e-con-full e-flex e-con e-parent\" data-id=\"d49418e\" data-element_type=\"container\" data-e-type=\"container\" data-settings=\"{&quot;background_background&quot;:&quot;classic&quot;}\">\n\t\t\t\t<div class=\"elementor-element elementor-element-8532be6 elementor-widget elementor-widget-heading\" data-id=\"8532be6\" data-element_type=\"widget\" data-e-type=\"widget\" data-widget_type=\"heading.default\">\n\t\t\t\t<div class=\"elementor-widget-container\">\n\t\t\t\t\t<h2 class=\"elementor-heading-title elementor-size-default\">ATL SERIES<\/h2>\t\t\t\t<\/div>\n\t\t\t\t<\/div>\n\t\t\t\t<\/div>\n\t\t<div class=\"elementor-element elementor-element-50075ec e-flex e-con-boxed e-con e-parent\" data-id=\"50075ec\" data-element_type=\"container\" data-e-type=\"container\" data-settings=\"{&quot;background_background&quot;:&quot;classic&quot;}\">\n\t\t\t\t\t<div class=\"e-con-inner\">\n\t\t\t\t<div class=\"elementor-element elementor-element-6e251d1 elementor-widget elementor-widget-heading\" data-id=\"6e251d1\" data-element_type=\"widget\" data-e-type=\"widget\" data-widget_type=\"heading.default\">\n\t\t\t\t<div class=\"elementor-widget-container\">\n\t\t\t\t\t<h2 class=\"elementor-heading-title elementor-size-default\">ATL SERIES<\/h2>\t\t\t\t<\/div>\n\t\t\t\t<\/div>\n\t\t\t\t\t<\/div>\n\t\t\t\t<\/div>\n\t\t<div class=\"elementor-element elementor-element-75023bc e-con-full e-flex e-con e-parent\" data-id=\"75023bc\" data-element_type=\"container\" data-e-type=\"container\">\n\t\t\t\t<div class=\"elementor-element elementor-element-02a2d51 elementor-widget elementor-widget-text-editor\" data-id=\"02a2d51\" data-element_type=\"widget\" data-e-type=\"widget\" data-widget_type=\"text-editor.default\">\n\t\t\t\t<div class=\"elementor-widget-container\">\n\t\t\t\t\t\t\t\t\t<p>A highly profitable machine for companies that install and maintain public lighting,\nespecially in rural and forested areas. It can be equipped with a wide range of accessories\nsuch as large-capacity drawers for storing tools and spare parts, LED spotlights, pole\nholders, a front winch, ladder supports, etc.<\/p><p>It features an articulated arm that allows for a wide range of movement, both vertically and\nhorizontally. This machine offers a high degree of precision.<\/p>\t\t\t\t\t\t\t\t<\/div>\n\t\t\t\t<\/div>\n\t\t\t\t<div class=\"elementor-element elementor-element-42dd886 elementor-widget elementor-widget-ucaddon_content_tabs\" data-id=\"42dd886\" data-element_type=\"widget\" data-e-type=\"widget\" data-widget_type=\"ucaddon_content_tabs.default\">\n\t\t\t\t<div class=\"elementor-widget-container\">\n\t\t\t\t\t<!-- start Content Tabs -->\n\t\t<link id='font-awesome-css' href='https:\/\/movex2023.nuevawebactual.es\/wp-content\/plugins\/unlimited-elements-for-elementor\/assets_libraries\/font-awesome5\/css\/fontawesome-all.min.css' type='text\/css' rel='stylesheet' >\n\t\t<link id='font-awesome-4-shim-css' href='https:\/\/movex2023.nuevawebactual.es\/wp-content\/plugins\/unlimited-elements-for-elementor\/assets_libraries\/font-awesome5\/css\/fontawesome-v4-shims.css' type='text\/css' rel='stylesheet' >\n\n\t\t\t<style type=\"text\/css\">\/* widget: Content Tabs *\/\n\n#uc_content_tabs_elementor_42dd886 \n{ \n  text-align: left; \n  position: relative;\n  overflow:hidden;\n  display:flex;\n  flex-direction:column;\n}\n\n\n#uc_content_tabs_elementor_42dd886 .ue-graphic-element\n{\n  display:inline-flex;\n  align-items:center;\n  justify-content:center;\n  line-height:1em;\n  overflow:hidden;\n}\n\n#uc_content_tabs_elementor_42dd886 .ue-graphic-element svg\n{\n  height:1em;\n  width:1em;\n}\n\n#uc_content_tabs_elementor_42dd886 .ue-graphic-element img\n{\n  display:block;\n}\n\n#uc_content_tabs_elementor_42dd886 .ue-item-image img\n{\n  width:100%;\n  display:block;\n}\n\n#uc_content_tabs_elementor_42dd886 .uc_container .uc_btn {\n\n    text-align: center;\n    display: inline-block;\n    text-decoration: none;\n    transition: ease-in-out all 0.25s;\n}\n\n\t\n\n\n#uc_content_tabs_elementor_42dd886 * {\n    box-sizing: border-box;\n}\n#uc_content_tabs_elementor_42dd886 .ue-tab-btn\n{\n  transition: 0.5s;\n} \n\n#uc_content_tabs_elementor_42dd886 > ul.tabs{\n   margin:0px;\n   list-style:none;\n   display:flex;\n}\n\n\n  #uc_content_tabs_elementor_42dd886 > ul.tabs{\n      justify-content:flex-start;\n      flex-wrap: wrap;\n  }\n\n\n#uc_content_tabs_elementor_42dd886 > ul.tabs > li\n{\n\tpadding:0px; \n\tmargin:0px;\n    \t\n\n}\n\n\n\t\n#uc_content_tabs_elementor_42dd886 > ul.tabs > li > a {\n\t\n\tdisplay:flex;\n\ttext-decoration:none;\n    transition:0.5s;\n    flex-wrap: wrap;\n    \n}\n\n#uc_content_tabs_elementor_42dd886 .tab-container {\n\tclear:both;\n\toverflow:hidden;\n}\n\n#uc_content_tabs_elementor_42dd886 .ue_post_image img\n{\n  display:block;\n  width:100%;\n  object-fit: cover;\n}\n\n#uc_content_tabs_elementor_42dd886 .ue_post_link\n{\n  display:;\n  text-decoration:none;\n}\n\n#uc_content_tabs_elementor_42dd886 .panes{ display:none;}\n#uc_content_tabs_elementor_42dd886.r-tabs .r-tabs-tab {\n    display: block;\n    margin: 0;\n    list-style: none;\n}\n\n#uc_content_tabs_elementor_42dd886.r-tabs .r-tabs-panel {\n    display: none;\n}\n\n#uc_content_tabs_elementor_42dd886.r-tabs .r-tabs-accordion-title {\n    display: none;\n}\n\n#uc_content_tabs_elementor_42dd886.r-tabs .r-tabs-panel.r-tabs-state-active {\n    display: flex;\n}\n#uc_content_tabs_elementor_42dd886 .panel-container{\n   width:100%;\n }\n\n\n\n\n<\/style>\n\n\t\t\t<div class=\"uc_bold_tabs padding\" id=\"uc_content_tabs_elementor_42dd886\"  data-debug=\"false\" data-editor=\"no\"  data-collapsible=\"false\" data-hash=\"false\" data-hash-scroll=\"off\" data-scroll-to-selected-tab-offset=\"0\" data-scroll-after-selected=\"false\">\n    \t<ul class=\"tabs uc_tab_nav uc-items-wrapper\">\n        \t\n<li class=\"elementor-repeater-item-7c2cd36\">\n  \t\n  \t<a href=\"#uc_content_tabs_elementor_42dd886_item1\"  data-hash-id=\"ue-tab1\" class=\"ue-tab-btn\">\n \t              \t   \n      <div>ATL 15<\/div>\n    <\/a>\n      \n<\/li>\n\n        <\/ul>\n        <div class=\"panel-container uc-items-wrapper2\">\n\t\t\t<div id=\"uc_content_tabs_elementor_42dd886_item1\" class=\"tab-container panes\">\n\t<div>\n      \t\t<div data-elementor-type=\"page\" data-elementor-id=\"774\" class=\"elementor elementor-774\">\n\t\t\t\t<div class=\"elementor-element elementor-element-1a2d62e e-flex e-con-boxed e-con e-parent\" data-id=\"1a2d62e\" data-element_type=\"container\" data-e-type=\"container\">\n\t\t\t\t\t<div class=\"e-con-inner\">\n\t\t\t\t\t<\/div>\n\t\t\t\t<\/div>\n\t\t<div class=\"elementor-element elementor-element-d0756d2 e-con-full e-flex e-con e-parent\" data-id=\"d0756d2\" data-element_type=\"container\" data-e-type=\"container\">\n\t\t<div class=\"elementor-element elementor-element-758fd5f e-con-full e-flex e-con e-child\" data-id=\"758fd5f\" data-element_type=\"container\" data-e-type=\"container\">\n\t\t\t\t<div class=\"elementor-element elementor-element-03460d4 elementor-widget elementor-widget-image\" data-id=\"03460d4\" data-element_type=\"widget\" data-e-type=\"widget\" data-widget_type=\"image.default\">\n\t\t\t\t<div class=\"elementor-widget-container\">\n\t\t\t\t\t\t\t\t\t\t\t\t\t\t\t<img fetchpriority=\"high\" decoding=\"async\" width=\"737\" height=\"396\" src=\"https:\/\/movex2023.nuevawebactual.es\/wp-content\/uploads\/2023\/10\/image-1.png\" class=\"attachment-large size-large wp-image-1479\" alt=\"\" srcset=\"https:\/\/movex2023.nuevawebactual.es\/wp-content\/uploads\/2023\/10\/image-1.png 737w, https:\/\/movex2023.nuevawebactual.es\/wp-content\/uploads\/2023\/10\/image-1-300x161.png 300w, https:\/\/movex2023.nuevawebactual.es\/wp-content\/uploads\/2023\/10\/image-1-18x10.png 18w\" sizes=\"(max-width: 737px) 100vw, 737px\" \/>\t\t\t\t\t\t\t\t\t\t\t\t\t\t\t<\/div>\n\t\t\t\t<\/div>\n\t\t\t\t<div class=\"elementor-element elementor-element-a5899fa elementor-pagination-position-outside elementor-widget elementor-widget-image-carousel\" data-id=\"a5899fa\" data-element_type=\"widget\" data-e-type=\"widget\" data-settings=\"{&quot;slides_to_show&quot;:&quot;1&quot;,&quot;navigation&quot;:&quot;dots&quot;,&quot;autoplay&quot;:&quot;yes&quot;,&quot;pause_on_hover&quot;:&quot;yes&quot;,&quot;pause_on_interaction&quot;:&quot;yes&quot;,&quot;autoplay_speed&quot;:5000,&quot;infinite&quot;:&quot;yes&quot;,&quot;effect&quot;:&quot;slide&quot;,&quot;speed&quot;:500}\" data-widget_type=\"image-carousel.default\">\n\t\t\t\t<div class=\"elementor-widget-container\">\n\t\t\t\t\t\t\t<div class=\"elementor-image-carousel-wrapper swiper\" role=\"region\" aria-roledescription=\"carousel\" aria-label=\"Carrusel de im\u00e1genes\" dir=\"ltr\">\n\t\t\t<div class=\"elementor-image-carousel swiper-wrapper swiper-image-stretch\" aria-live=\"off\">\n\t\t\t\t\t\t\t\t<div class=\"swiper-slide\" role=\"group\" aria-roledescription=\"slide\" aria-label=\"1 of 7\" data-no-translation-aria-label=\"\"><figure class=\"swiper-slide-inner\"><img decoding=\"async\" class=\"swiper-slide-image\" src=\"https:\/\/movex2023.nuevawebactual.es\/wp-content\/uploads\/2023\/10\/ATL-15-2.jpg\" alt=\"ATL 15 (2)\" \/><\/figure><\/div><div class=\"swiper-slide\" role=\"group\" aria-roledescription=\"slide\" aria-label=\"2 of 7\" data-no-translation-aria-label=\"\"><figure class=\"swiper-slide-inner\"><img decoding=\"async\" class=\"swiper-slide-image\" src=\"https:\/\/movex2023.nuevawebactual.es\/wp-content\/uploads\/2023\/10\/20231023_101416-scaled.jpg\" alt=\"20231023_101416\" \/><\/figure><\/div><div class=\"swiper-slide\" role=\"group\" aria-roledescription=\"slide\" aria-label=\"3 of 7\" data-no-translation-aria-label=\"\"><figure class=\"swiper-slide-inner\"><img decoding=\"async\" class=\"swiper-slide-image\" src=\"https:\/\/movex2023.nuevawebactual.es\/wp-content\/uploads\/2023\/10\/20231023_101508-scaled.jpg\" alt=\"20231023_101508\" \/><\/figure><\/div><div class=\"swiper-slide\" role=\"group\" aria-roledescription=\"slide\" aria-label=\"4 of 7\" data-no-translation-aria-label=\"\"><figure class=\"swiper-slide-inner\"><img decoding=\"async\" class=\"swiper-slide-image\" src=\"https:\/\/movex2023.nuevawebactual.es\/wp-content\/uploads\/2023\/10\/20231023_102648-scaled.jpg\" alt=\"20231023_102648\" \/><\/figure><\/div><div class=\"swiper-slide\" role=\"group\" aria-roledescription=\"slide\" aria-label=\"5 of 7\" data-no-translation-aria-label=\"\"><figure class=\"swiper-slide-inner\"><img decoding=\"async\" class=\"swiper-slide-image\" src=\"https:\/\/movex2023.nuevawebactual.es\/wp-content\/uploads\/2023\/10\/20231023_104610-scaled.jpg\" alt=\"20231023_104610\" \/><\/figure><\/div><div class=\"swiper-slide\" role=\"group\" aria-roledescription=\"slide\" aria-label=\"6 of 7\" data-no-translation-aria-label=\"\"><figure class=\"swiper-slide-inner\"><img decoding=\"async\" class=\"swiper-slide-image\" src=\"https:\/\/movex2023.nuevawebactual.es\/wp-content\/uploads\/2023\/10\/20231023_105234-scaled.jpg\" alt=\"20231023_105234\" \/><\/figure><\/div><div class=\"swiper-slide\" role=\"group\" aria-roledescription=\"slide\" aria-label=\"7 of 7\" data-no-translation-aria-label=\"\"><figure class=\"swiper-slide-inner\"><img decoding=\"async\" class=\"swiper-slide-image\" src=\"https:\/\/movex2023.nuevawebactual.es\/wp-content\/uploads\/2023\/10\/20231023_105813-scaled.jpg\" alt=\"20231023_105813\" \/><\/figure><\/div>\t\t\t<\/div>\n\t\t\t\t\t\t\t\n\t\t\t\t\t\t\t\t\t<div class=\"swiper-pagination\"><\/div>\n\t\t\t\t\t\t\t\t\t<\/div>\n\t\t\t\t\t\t<\/div>\n\t\t\t\t<\/div>\n\t\t\t\t<\/div>\n\t\t<div class=\"elementor-element elementor-element-a6b4c00 e-con-full e-flex e-con e-child\" data-id=\"a6b4c00\" data-element_type=\"container\" data-e-type=\"container\">\n\t\t\t\t<div class=\"elementor-element elementor-element-29c3cf7 elementor-widget elementor-widget-spacer\" data-id=\"29c3cf7\" data-element_type=\"widget\" data-e-type=\"widget\" data-widget_type=\"spacer.default\">\n\t\t\t\t<div class=\"elementor-widget-container\">\n\t\t\t\t\t\t\t<div class=\"elementor-spacer\">\n\t\t\t<div class=\"elementor-spacer-inner\"><\/div>\n\t\t<\/div>\n\t\t\t\t\t\t<\/div>\n\t\t\t\t<\/div>\n\t\t<div class=\"elementor-element elementor-element-8ed586c e-flex e-con-boxed e-con e-child\" data-id=\"8ed586c\" data-element_type=\"container\" data-e-type=\"container\">\n\t\t\t\t\t<div class=\"e-con-inner\">\n\t\t\t\t<div class=\"elementor-element elementor-element-80275be elementor-widget elementor-widget-heading\" data-id=\"80275be\" data-element_type=\"widget\" data-e-type=\"widget\" data-widget_type=\"heading.default\">\n\t\t\t\t<div class=\"elementor-widget-container\">\n\t\t\t\t\t<h2 class=\"elementor-heading-title elementor-size-default\">ATL 15<\/h2>\t\t\t\t<\/div>\n\t\t\t\t<\/div>\n\t\t\t\t\t<\/div>\n\t\t\t\t<\/div>\n\t\t\t\t<div class=\"elementor-element elementor-element-c579b3b elementor-widget elementor-widget-text-editor\" data-id=\"c579b3b\" data-element_type=\"widget\" data-e-type=\"widget\" data-widget_type=\"text-editor.default\">\n\t\t\t\t<div class=\"elementor-widget-container\">\n\t\t\t\t\t\t\t\t\t<p data-path-to-node=\"2\">A 3,500 kg 4x4 vehicle-mounted platform designed to offer maximum efficiency on\ndifficult terrain with a lifting height of up to 14.5 m.<\/p>\t\t\t\t\t\t\t\t<\/div>\n\t\t\t\t<\/div>\n\t\t\t\t<div class=\"elementor-element elementor-element-fd0d132 elementor-icon-list--layout-traditional elementor-list-item-link-full_width elementor-widget elementor-widget-icon-list\" data-id=\"fd0d132\" data-element_type=\"widget\" data-e-type=\"widget\" data-widget_type=\"icon-list.default\">\n\t\t\t\t<div class=\"elementor-widget-container\">\n\t\t\t\t\t\t\t<ul class=\"elementor-icon-list-items\">\n\t\t\t\t\t\t\t<li class=\"elementor-icon-list-item\">\n\t\t\t\t\t\t\t\t\t\t<span class=\"elementor-icon-list-text\">Articulated lifting platform mounted on a pick up, with a maximum working height of\n15.2m with stabilizers.<\/span>\n\t\t\t\t\t\t\t\t\t<\/li>\n\t\t\t\t\t\t\t\t<li class=\"elementor-icon-list-item\">\n\t\t\t\t\t\t\t\t\t\t<span class=\"elementor-icon-list-text\">The maximum horizontal reach is 8m and allows a basket load capacity of 225 kg.<\/span>\n\t\t\t\t\t\t\t\t\t<\/li>\n\t\t\t\t\t\t\t\t<li class=\"elementor-icon-list-item\">\n\t\t\t\t\t\t\t\t\t\t<span class=\"elementor-icon-list-text\">The turret has a 450\u00b0 rotation.<\/span>\n\t\t\t\t\t\t\t\t\t<\/li>\n\t\t\t\t\t\t\t\t<li class=\"elementor-icon-list-item\">\n\t\t\t\t\t\t\t\t\t\t<span class=\"elementor-icon-list-text\">Basket with capacity for 2 operators.<\/span>\n\t\t\t\t\t\t\t\t\t<\/li>\n\t\t\t\t\t\t\t\t<li class=\"elementor-icon-list-item\">\n\t\t\t\t\t\t\t\t\t\t<span class=\"elementor-icon-list-text\">Electrohydraulic controls.<\/span>\n\t\t\t\t\t\t\t\t\t<\/li>\n\t\t\t\t\t\t\t\t<li class=\"elementor-icon-list-item\">\n\t\t\t\t\t\t\t\t\t\t<span class=\"elementor-icon-list-text\">A+A Stabilizers\u00a0<\/span>\n\t\t\t\t\t\t\t\t\t<\/li>\n\t\t\t\t\t\t\t\t<li class=\"elementor-icon-list-item\">\n\t\t\t\t\t\t\t\t\t\t<span class=\"elementor-icon-list-text\">It is equipped with all safety and emergency devices in accordance with regulations.<\/span>\n\t\t\t\t\t\t\t\t\t<\/li>\n\t\t\t\t\t\t<\/ul>\n\t\t\t\t\t\t<\/div>\n\t\t\t\t<\/div>\n\t\t\t\t<div class=\"elementor-element elementor-element-ee0c72b elementor-widget elementor-widget-spacer\" data-id=\"ee0c72b\" data-element_type=\"widget\" data-e-type=\"widget\" data-widget_type=\"spacer.default\">\n\t\t\t\t<div class=\"elementor-widget-container\">\n\t\t\t\t\t\t\t<div class=\"elementor-spacer\">\n\t\t\t<div class=\"elementor-spacer-inner\"><\/div>\n\t\t<\/div>\n\t\t\t\t\t\t<\/div>\n\t\t\t\t<\/div>\n\t\t<div class=\"elementor-element elementor-element-e6764fa e-flex e-con-boxed e-con e-child\" data-id=\"e6764fa\" data-element_type=\"container\" data-e-type=\"container\">\n\t\t\t\t\t<div class=\"e-con-inner\">\n\t\t<div class=\"elementor-element elementor-element-ef05fbe e-con-full e-flex e-con e-child\" data-id=\"ef05fbe\" data-element_type=\"container\" data-e-type=\"container\">\n\t\t\t\t<div class=\"elementor-element elementor-element-f217aff elementor-mobile-align-center elementor-align-right e-transform elementor-widget elementor-widget-button\" data-id=\"f217aff\" data-element_type=\"widget\" data-e-type=\"widget\" data-settings=\"{&quot;_transform_scale_effect_hover&quot;:{&quot;unit&quot;:&quot;px&quot;,&quot;size&quot;:1.1,&quot;sizes&quot;:[]},&quot;_transform_scale_effect_hover_tablet&quot;:{&quot;unit&quot;:&quot;px&quot;,&quot;size&quot;:&quot;&quot;,&quot;sizes&quot;:[]},&quot;_transform_scale_effect_hover_mobile&quot;:{&quot;unit&quot;:&quot;px&quot;,&quot;size&quot;:&quot;&quot;,&quot;sizes&quot;:[]}}\" data-widget_type=\"button.default\">\n\t\t\t\t<div class=\"elementor-widget-container\">\n\t\t\t\t\t\t\t\t\t<div class=\"elementor-button-wrapper\">\n\t\t\t\t\t<a class=\"elementor-button elementor-button-link elementor-size-sm\" href=\"https:\/\/movex2023.nuevawebactual.es\/wp-content\/uploads\/2023\/11\/DIAGRAMA-ATL15.pdf\" target=\"_blank\">\n\t\t\t\t\t\t<span class=\"elementor-button-content-wrapper\">\n\t\t\t\t\t\t\t\t\t<span class=\"elementor-button-text\">DIAGRAM<\/span>\n\t\t\t\t\t<\/span>\n\t\t\t\t\t<\/a>\n\t\t\t\t<\/div>\n\t\t\t\t\t\t\t\t<\/div>\n\t\t\t\t<\/div>\n\t\t\t\t<\/div>\n\t\t<div class=\"elementor-element elementor-element-2edc706 e-flex e-con-boxed e-con e-child\" data-id=\"2edc706\" data-element_type=\"container\" data-e-type=\"container\">\n\t\t\t\t\t<div class=\"e-con-inner\">\n\t\t\t\t<div class=\"elementor-element elementor-element-382e35c elementor-mobile-align-center elementor-align-left e-transform elementor-widget elementor-widget-button\" data-id=\"382e35c\" data-element_type=\"widget\" data-e-type=\"widget\" data-settings=\"{&quot;_transform_scale_effect_hover&quot;:{&quot;unit&quot;:&quot;px&quot;,&quot;size&quot;:1.1,&quot;sizes&quot;:[]},&quot;_transform_scale_effect_hover_tablet&quot;:{&quot;unit&quot;:&quot;px&quot;,&quot;size&quot;:&quot;&quot;,&quot;sizes&quot;:[]},&quot;_transform_scale_effect_hover_mobile&quot;:{&quot;unit&quot;:&quot;px&quot;,&quot;size&quot;:&quot;&quot;,&quot;sizes&quot;:[]}}\" data-widget_type=\"button.default\">\n\t\t\t\t<div class=\"elementor-widget-container\">\n\t\t\t\t\t\t\t\t\t<div class=\"elementor-button-wrapper\">\n\t\t\t\t\t<a class=\"elementor-button elementor-button-link elementor-size-sm\" href=\"https:\/\/movex2023.nuevawebactual.es\/wp-content\/uploads\/2023\/11\/ATL15-MOVEX.pdf\" target=\"_blank\">\n\t\t\t\t\t\t<span class=\"elementor-button-content-wrapper\">\n\t\t\t\t\t\t\t\t\t<span class=\"elementor-button-text\">CATALOGUE\/TECHNICAL<br>SPECIFICATIONS<\/span>\n\t\t\t\t\t<\/span>\n\t\t\t\t\t<\/a>\n\t\t\t\t<\/div>\n\t\t\t\t\t\t\t\t<\/div>\n\t\t\t\t<\/div>\n\t\t\t\t\t<\/div>\n\t\t\t\t<\/div>\n\t\t\t\t\t<\/div>\n\t\t\t\t<\/div>\n\t\t\t\t<\/div>\n\t\t\t\t<\/div>\n\t\t\t\t<\/div>\n\t\t            \n      \t<\/div>\n<\/div>\n\n        <\/div>\n  \n  <div class=\"uc-accordion-contents-template\" style=\"display:none\">\n    <div class=\"uc-accordion-icon\">\n      <span class=\"uc-accordion-icon-expand\"><i class='fas fa-plus'><\/i><\/span>\n      <span class=\"uc-accordion-icon-collapse\"><i class='fas fa-minus'><\/i><\/span>\n    <\/div>\n  <\/div>\n  \n<\/div>\n\t\t\t<!-- end Content Tabs -->\t\t\t\t<\/div>\n\t\t\t\t<\/div>\n\t\t\t\t<\/div>\n\t\t<div class=\"elementor-element elementor-element-1a1372ea e-flex e-con-boxed e-con e-parent\" data-id=\"1a1372ea\" data-element_type=\"container\" data-e-type=\"container\" data-settings=\"{&quot;background_background&quot;:&quot;classic&quot;}\">\n\t\t\t\t\t<div class=\"e-con-inner\">\n\t\t\t\t<div class=\"elementor-element elementor-element-4a62ca76 elementor-widget elementor-widget-heading\" data-id=\"4a62ca76\" data-element_type=\"widget\" data-e-type=\"widget\" data-widget_type=\"heading.default\">\n\t\t\t\t<div class=\"elementor-widget-container\">\n\t\t\t\t\t<h2 class=\"elementor-heading-title elementor-size-default\">\u00bfDo you need help choosing your platform?<\/h2>\t\t\t\t<\/div>\n\t\t\t\t<\/div>\n\t\t\t\t<div class=\"elementor-element elementor-element-40c232e9 elementor-align-center elementor-widget elementor-widget-button\" data-id=\"40c232e9\" data-element_type=\"widget\" data-e-type=\"widget\" data-widget_type=\"button.default\">\n\t\t\t\t<div class=\"elementor-widget-container\">\n\t\t\t\t\t\t\t\t\t<div class=\"elementor-button-wrapper\">\n\t\t\t\t\t<a class=\"elementor-button elementor-button-link elementor-size-sm\" href=\"https:\/\/movex2023.nuevawebactual.es\/en\/contacto\/\">\n\t\t\t\t\t\t<span class=\"elementor-button-content-wrapper\">\n\t\t\t\t\t\t\t\t\t<span class=\"elementor-button-text\">WE HELP YOU<\/span>\n\t\t\t\t\t<\/span>\n\t\t\t\t\t<\/a>\n\t\t\t\t<\/div>\n\t\t\t\t\t\t\t\t<\/div>\n\t\t\t\t<\/div>\n\t\t\t\t\t<\/div>\n\t\t\t\t<\/div>\n\t\t\t\t<\/div>","protected":false},"excerpt":{"rendered":"<p>SERIE ATL SERIE ATL Una m\u00e1quina muy rentable para las empresas instaladoras del alumbrado p\u00fablico y mantenimiento en especial en entornos rurales y forestales. Se puede equipar con un gran n\u00famero de accesorios como pueden ser, cajones de gran capacidad para almacenamiento de herramientas y repuestos, foco led, porta p\u00e9rtigas, cabrestante delantero, soporte para escaleras &hellip;<\/p>\n<p class=\"read-more\"> <a class=\"\" href=\"https:\/\/movex2023.nuevawebactual.es\/en\/chasis\/serie-atl\/\"> <span class=\"screen-reader-text\">ATL Series<\/span> Read More &raquo;<\/a><\/p>","protected":false},"author":1,"featured_media":0,"parent":442,"menu_order":0,"comment_status":"closed","ping_status":"closed","template":"","meta":{"site-sidebar-layout":"no-sidebar","site-content-layout":"","ast-site-content-layout":"full-width-container","site-content-style":"default","site-sidebar-style":"default","ast-global-header-display":"","ast-banner-title-visibility":"","ast-main-header-display":"","ast-hfb-above-header-display":"","ast-hfb-below-header-display":"","ast-hfb-mobile-header-display":"","site-post-title":"disabled","ast-breadcrumbs-content":"","ast-featured-img":"disabled","footer-sml-layout":"","theme-transparent-header-meta":"","adv-header-id-meta":"","stick-header-meta":"","header-above-stick-meta":"","header-main-stick-meta":"","header-below-stick-meta":"","astra-migrate-meta-layouts":"","footnotes":""},"class_list":["post-843","page","type-page","status-publish","hentry"],"rttpg_featured_image_url":null,"rttpg_author":{"display_name":"DeveloperActu@l23","author_link":"https:\/\/movex2023.nuevawebactual.es\/en\/author\/developeractul23\/"},"rttpg_comment":0,"rttpg_category":null,"rttpg_excerpt":"SERIE ATL SERIE ATL Una m\u00e1quina muy rentable para las empresas instaladoras del alumbrado p\u00fablico y mantenimiento en especial en entornos rurales y forestales. Se puede equipar con un gran n\u00famero de accesorios como pueden ser, cajones de gran capacidad para almacenamiento de herramientas y repuestos, foco led, porta p\u00e9rtigas, cabrestante delantero, soporte para escaleras&hellip;","_links":{"self":[{"href":"https:\/\/movex2023.nuevawebactual.es\/en\/wp-json\/wp\/v2\/pages\/843","targetHints":{"allow":["GET"]}}],"collection":[{"href":"https:\/\/movex2023.nuevawebactual.es\/en\/wp-json\/wp\/v2\/pages"}],"about":[{"href":"https:\/\/movex2023.nuevawebactual.es\/en\/wp-json\/wp\/v2\/types\/page"}],"author":[{"embeddable":true,"href":"https:\/\/movex2023.nuevawebactual.es\/en\/wp-json\/wp\/v2\/users\/1"}],"replies":[{"embeddable":true,"href":"https:\/\/movex2023.nuevawebactual.es\/en\/wp-json\/wp\/v2\/comments?post=843"}],"version-history":[{"count":16,"href":"https:\/\/movex2023.nuevawebactual.es\/en\/wp-json\/wp\/v2\/pages\/843\/revisions"}],"predecessor-version":[{"id":1478,"href":"https:\/\/movex2023.nuevawebactual.es\/en\/wp-json\/wp\/v2\/pages\/843\/revisions\/1478"}],"up":[{"embeddable":true,"href":"https:\/\/movex2023.nuevawebactual.es\/en\/wp-json\/wp\/v2\/pages\/442"}],"wp:attachment":[{"href":"https:\/\/movex2023.nuevawebactual.es\/en\/wp-json\/wp\/v2\/media?parent=843"}],"curies":[{"name":"wp","href":"https:\/\/api.w.org\/{rel}","templated":true}]}}