{"id":472,"date":"2023-10-18T10:45:23","date_gmt":"2023-10-18T08:45:23","guid":{"rendered":"https:\/\/movex2023.nuevawebactual.es\/?page_id=472"},"modified":"2026-02-03T12:02:00","modified_gmt":"2026-02-03T11:02:00","slug":"serie-tlf","status":"publish","type":"page","link":"https:\/\/movex2023.nuevawebactual.es\/en\/furgon\/serie-tlf\/","title":{"rendered":"TLF Series"},"content":{"rendered":"<div data-elementor-type=\"wp-page\" data-elementor-id=\"472\" class=\"elementor elementor-472\">\n\t\t\t\t<div class=\"elementor-element elementor-element-1682e66 e-con-full e-flex e-con e-parent\" data-id=\"1682e66\" data-element_type=\"container\" data-e-type=\"container\" data-settings=\"{&quot;background_background&quot;:&quot;classic&quot;}\">\n\t\t\t\t<div class=\"elementor-element elementor-element-fa52b05 elementor-widget elementor-widget-heading\" data-id=\"fa52b05\" data-element_type=\"widget\" data-e-type=\"widget\" data-widget_type=\"heading.default\">\n\t\t\t\t<div class=\"elementor-widget-container\">\n\t\t\t\t\t<h2 class=\"elementor-heading-title elementor-size-default\">TLF SERIES<\/h2>\t\t\t\t<\/div>\n\t\t\t\t<\/div>\n\t\t\t\t<\/div>\n\t\t<div class=\"elementor-element elementor-element-bec4cb0 e-flex e-con-boxed e-con e-parent\" data-id=\"bec4cb0\" data-element_type=\"container\" data-e-type=\"container\" data-settings=\"{&quot;background_background&quot;:&quot;classic&quot;}\">\n\t\t\t\t\t<div class=\"e-con-inner\">\n\t\t\t\t<div class=\"elementor-element elementor-element-6952620 elementor-widget elementor-widget-heading\" data-id=\"6952620\" data-element_type=\"widget\" data-e-type=\"widget\" data-widget_type=\"heading.default\">\n\t\t\t\t<div class=\"elementor-widget-container\">\n\t\t\t\t\t<h2 class=\"elementor-heading-title elementor-size-default\">TLF SERIES<\/h2>\t\t\t\t<\/div>\n\t\t\t\t<\/div>\n\t\t\t\t\t<\/div>\n\t\t\t\t<\/div>\n\t\t<div class=\"elementor-element elementor-element-7981c92 e-flex e-con-boxed e-con e-parent\" data-id=\"7981c92\" data-element_type=\"container\" data-e-type=\"container\">\n\t\t\t\t\t<div class=\"e-con-inner\">\n\t\t\t\t<div class=\"elementor-element elementor-element-71048b7 elementor-widget elementor-widget-text-editor\" data-id=\"71048b7\" data-element_type=\"widget\" data-e-type=\"widget\" data-widget_type=\"text-editor.default\">\n\t\t\t\t<div class=\"elementor-widget-container\">\n\t\t\t\t\t\t\t\t\t<p>Movex Lift offers a range of van-mounted platforms, ideal for work on public roads and in\nconfined urban spaces. These van-mounted platforms reach significant heights and are\neasier to move, as well as being able to travel on public roads. They are ideal for jobs\nrequiring continuous movement.<\/p><p>Among the van-mounted platforms manufactured by Movex Lift, we find the TLF series,\nwhich, as the name indicates, is a telescopic van-mounted platform.<\/p>\t\t\t\t\t\t\t\t<\/div>\n\t\t\t\t<\/div>\n\t\t\t\t\t<\/div>\n\t\t\t\t<\/div>\n\t\t<div class=\"elementor-element elementor-element-c74b067 e-flex e-con-boxed e-con e-parent\" data-id=\"c74b067\" data-element_type=\"container\" data-e-type=\"container\">\n\t\t\t\t\t<div class=\"e-con-inner\">\n\t\t<div class=\"elementor-element elementor-element-2caa5a5 e-con-full e-flex e-con e-child\" data-id=\"2caa5a5\" data-element_type=\"container\" data-e-type=\"container\">\n\t\t\t\t<div class=\"elementor-element elementor-element-e17652e elementor-align-right elementor-mobile-align-center elementor-widget elementor-widget-button\" data-id=\"e17652e\" data-element_type=\"widget\" data-e-type=\"widget\" data-widget_type=\"button.default\">\n\t\t\t\t<div class=\"elementor-widget-container\">\n\t\t\t\t\t\t\t\t\t<div class=\"elementor-button-wrapper\">\n\t\t\t\t\t<a class=\"elementor-button elementor-button-link elementor-size-sm\" href=\"https:\/\/movex2023.nuevawebactual.es\/en\/serie-tlf\/con-estabilizadores\/\">\n\t\t\t\t\t\t<span class=\"elementor-button-content-wrapper\">\n\t\t\t\t\t\t\t\t\t<span class=\"elementor-button-text\">WITH STABILIZERS<\/span>\n\t\t\t\t\t<\/span>\n\t\t\t\t\t<\/a>\n\t\t\t\t<\/div>\n\t\t\t\t\t\t\t\t<\/div>\n\t\t\t\t<\/div>\n\t\t\t\t<\/div>\n\t\t<div class=\"elementor-element elementor-element-50fdff7 e-con-full e-flex e-con e-child\" data-id=\"50fdff7\" data-element_type=\"container\" data-e-type=\"container\">\n\t\t\t\t<div class=\"elementor-element elementor-element-257c806 elementor-align-left elementor-mobile-align-center elementor-widget elementor-widget-button\" data-id=\"257c806\" data-element_type=\"widget\" data-e-type=\"widget\" data-widget_type=\"button.default\">\n\t\t\t\t<div class=\"elementor-widget-container\">\n\t\t\t\t\t\t\t\t\t<div class=\"elementor-button-wrapper\">\n\t\t\t\t\t<a class=\"elementor-button elementor-button-link elementor-size-sm\" href=\"https:\/\/movex2023.nuevawebactual.es\/en\/serie-tlf\/sin-estabilizadores\/\">\n\t\t\t\t\t\t<span class=\"elementor-button-content-wrapper\">\n\t\t\t\t\t\t\t\t\t<span class=\"elementor-button-text\">NO STABILIZERS<\/span>\n\t\t\t\t\t<\/span>\n\t\t\t\t\t<\/a>\n\t\t\t\t<\/div>\n\t\t\t\t\t\t\t\t<\/div>\n\t\t\t\t<\/div>\n\t\t\t\t<\/div>\n\t\t\t\t\t<\/div>\n\t\t\t\t<\/div>\n\t\t<div class=\"elementor-element elementor-element-89e4725 e-flex e-con-boxed e-con e-parent\" data-id=\"89e4725\" data-element_type=\"container\" data-e-type=\"container\" data-settings=\"{&quot;background_background&quot;:&quot;classic&quot;}\">\n\t\t\t\t\t<div class=\"e-con-inner\">\n\t\t\t\t<div class=\"elementor-element elementor-element-4f2563a elementor-widget elementor-widget-heading\" data-id=\"4f2563a\" data-element_type=\"widget\" data-e-type=\"widget\" data-widget_type=\"heading.default\">\n\t\t\t\t<div class=\"elementor-widget-container\">\n\t\t\t\t\t<h2 class=\"elementor-heading-title elementor-size-default\">\u00bfDo you need help choosing your platform?<\/h2>\t\t\t\t<\/div>\n\t\t\t\t<\/div>\n\t\t\t\t<div class=\"elementor-element elementor-element-28f331d elementor-align-center elementor-widget elementor-widget-button\" data-id=\"28f331d\" data-element_type=\"widget\" data-e-type=\"widget\" data-widget_type=\"button.default\">\n\t\t\t\t<div class=\"elementor-widget-container\">\n\t\t\t\t\t\t\t\t\t<div class=\"elementor-button-wrapper\">\n\t\t\t\t\t<a class=\"elementor-button elementor-button-link elementor-size-sm\" href=\"https:\/\/movex2023.nuevawebactual.es\/en\/contacto\/\">\n\t\t\t\t\t\t<span class=\"elementor-button-content-wrapper\">\n\t\t\t\t\t\t\t\t\t<span class=\"elementor-button-text\">WE HELP YOU<\/span>\n\t\t\t\t\t<\/span>\n\t\t\t\t\t<\/a>\n\t\t\t\t<\/div>\n\t\t\t\t\t\t\t\t<\/div>\n\t\t\t\t<\/div>\n\t\t\t\t\t<\/div>\n\t\t\t\t<\/div>\n\t\t\t\t<\/div>","protected":false},"excerpt":{"rendered":"<p>SERIE TLF SERIE TLF Movex Lift dispone de una gama de plataformas instaladas sobre furg\u00f3n, ideales para trabajos en v\u00edas p\u00fablicas y espacios urbanos reducidos. Las plataformas sobre furg\u00f3n alcanzan gran altura y son m\u00e1s sencillas de desplazar, adem\u00e1s de poder circular por v\u00eda p\u00fablica. Son ideales para trabajos en los cuales hay un desplazamiento &hellip;<\/p>\n<p class=\"read-more\"> <a class=\"\" href=\"https:\/\/movex2023.nuevawebactual.es\/en\/furgon\/serie-tlf\/\"> <span class=\"screen-reader-text\">TLF Series<\/span> Read More &raquo;<\/a><\/p>","protected":false},"author":1,"featured_media":0,"parent":421,"menu_order":0,"comment_status":"closed","ping_status":"closed","template":"elementor_header_footer","meta":{"site-sidebar-layout":"no-sidebar","site-content-layout":"","ast-site-content-layout":"full-width-container","site-content-style":"default","site-sidebar-style":"default","ast-global-header-display":"","ast-banner-title-visibility":"","ast-main-header-display":"","ast-hfb-above-header-display":"","ast-hfb-below-header-display":"","ast-hfb-mobile-header-display":"","site-post-title":"disabled","ast-breadcrumbs-content":"","ast-featured-img":"disabled","footer-sml-layout":"","theme-transparent-header-meta":"","adv-header-id-meta":"","stick-header-meta":"","header-above-stick-meta":"","header-main-stick-meta":"","header-below-stick-meta":"","astra-migrate-meta-layouts":"","footnotes":""},"class_list":["post-472","page","type-page","status-publish","hentry"],"rttpg_featured_image_url":null,"rttpg_author":{"display_name":"DeveloperActu@l23","author_link":"https:\/\/movex2023.nuevawebactual.es\/en\/author\/developeractul23\/"},"rttpg_comment":0,"rttpg_category":null,"rttpg_excerpt":"SERIE TLF SERIE TLF Movex Lift dispone de una gama de plataformas instaladas sobre furg\u00f3n, ideales para trabajos en v\u00edas p\u00fablicas y espacios urbanos reducidos. Las plataformas sobre furg\u00f3n alcanzan gran altura y son m\u00e1s sencillas de desplazar, adem\u00e1s de poder circular por v\u00eda p\u00fablica. Son ideales para trabajos en los cuales hay un desplazamiento&hellip;","_links":{"self":[{"href":"https:\/\/movex2023.nuevawebactual.es\/en\/wp-json\/wp\/v2\/pages\/472","targetHints":{"allow":["GET"]}}],"collection":[{"href":"https:\/\/movex2023.nuevawebactual.es\/en\/wp-json\/wp\/v2\/pages"}],"about":[{"href":"https:\/\/movex2023.nuevawebactual.es\/en\/wp-json\/wp\/v2\/types\/page"}],"author":[{"embeddable":true,"href":"https:\/\/movex2023.nuevawebactual.es\/en\/wp-json\/wp\/v2\/users\/1"}],"replies":[{"embeddable":true,"href":"https:\/\/movex2023.nuevawebactual.es\/en\/wp-json\/wp\/v2\/comments?post=472"}],"version-history":[{"count":130,"href":"https:\/\/movex2023.nuevawebactual.es\/en\/wp-json\/wp\/v2\/pages\/472\/revisions"}],"predecessor-version":[{"id":1254,"href":"https:\/\/movex2023.nuevawebactual.es\/en\/wp-json\/wp\/v2\/pages\/472\/revisions\/1254"}],"up":[{"embeddable":true,"href":"https:\/\/movex2023.nuevawebactual.es\/en\/wp-json\/wp\/v2\/pages\/421"}],"wp:attachment":[{"href":"https:\/\/movex2023.nuevawebactual.es\/en\/wp-json\/wp\/v2\/media?parent=472"}],"curies":[{"name":"wp","href":"https:\/\/api.w.org\/{rel}","templated":true}]}}