{"id":442,"date":"2023-10-18T10:22:53","date_gmt":"2023-10-18T08:22:53","guid":{"rendered":"https:\/\/movex2023.nuevawebactual.es\/?page_id=442"},"modified":"2026-03-24T17:05:20","modified_gmt":"2026-03-24T16:05:20","slug":"chasis","status":"publish","type":"page","link":"https:\/\/movex2023.nuevawebactual.es\/en\/chasis\/","title":{"rendered":"Chassis"},"content":{"rendered":"<div data-elementor-type=\"wp-page\" data-elementor-id=\"442\" class=\"elementor elementor-442\">\n\t\t\t\t<div class=\"elementor-element elementor-element-5bf3013 e-con-full e-flex e-con e-parent\" data-id=\"5bf3013\" data-element_type=\"container\" data-e-type=\"container\" data-settings=\"{&quot;background_background&quot;:&quot;classic&quot;}\">\n\t\t\t\t<div class=\"elementor-element elementor-element-62993d0 elementor-widget elementor-widget-heading\" data-id=\"62993d0\" data-element_type=\"widget\" data-e-type=\"widget\" data-widget_type=\"heading.default\">\n\t\t\t\t<div class=\"elementor-widget-container\">\n\t\t\t\t\t<h2 class=\"elementor-heading-title elementor-size-default\">CHASSIS<\/h2>\t\t\t\t<\/div>\n\t\t\t\t<\/div>\n\t\t\t\t<\/div>\n\t\t<div class=\"elementor-element elementor-element-a87c975 e-flex e-con-boxed e-con e-parent\" data-id=\"a87c975\" data-element_type=\"container\" data-e-type=\"container\">\n\t\t\t\t\t<div class=\"e-con-inner\">\n\t\t\t\t<div class=\"elementor-element elementor-element-6e33bd4 elementor-widget elementor-widget-heading\" data-id=\"6e33bd4\" data-element_type=\"widget\" data-e-type=\"widget\" data-widget_type=\"heading.default\">\n\t\t\t\t<div class=\"elementor-widget-container\">\n\t\t\t\t\t<h2 class=\"elementor-heading-title elementor-size-default\">Truck-mounted platforms<\/h2>\t\t\t\t<\/div>\n\t\t\t\t<\/div>\n\t\t\t\t<div class=\"elementor-element elementor-element-abdf52d elementor-widget elementor-widget-text-editor\" data-id=\"abdf52d\" data-element_type=\"widget\" data-e-type=\"widget\" data-widget_type=\"text-editor.default\">\n\t\t\t\t<div class=\"elementor-widget-container\">\n\t\t\t\t\t\t\t\t\t<p>Truck-mounted platforms designed for 3.5-ton trucks with heights of 14.1, 16.4, 18, and 20\nmeters. These are very robust and reliable machines for which we guarantee functionality,\ncareful design, and adaptability for all types of work.<\/p>\t\t\t\t\t\t\t\t<\/div>\n\t\t\t\t<\/div>\n\t\t\t\t\t<\/div>\n\t\t\t\t<\/div>\n\t\t<div class=\"elementor-element elementor-element-87ec014 e-flex e-con-boxed e-con e-parent\" data-id=\"87ec014\" data-element_type=\"container\" data-e-type=\"container\" data-settings=\"{&quot;background_background&quot;:&quot;classic&quot;}\">\n\t\t\t\t\t<div class=\"e-con-inner\">\n\t\t\t\t<div class=\"elementor-element elementor-element-ef31d7c elementor-widget elementor-widget-image\" data-id=\"ef31d7c\" data-element_type=\"widget\" data-e-type=\"widget\" data-widget_type=\"image.default\">\n\t\t\t\t<div class=\"elementor-widget-container\">\n\t\t\t\t\t\t\t\t\t\t\t\t\t\t\t<img fetchpriority=\"high\" decoding=\"async\" width=\"924\" height=\"270\" src=\"https:\/\/movex2023.nuevawebactual.es\/wp-content\/uploads\/2026\/03\/Diseno_sin_titulo-removebg-preview.png\" class=\"attachment-large size-large wp-image-1467\" alt=\"\" srcset=\"https:\/\/movex2023.nuevawebactual.es\/wp-content\/uploads\/2026\/03\/Diseno_sin_titulo-removebg-preview.png 924w, https:\/\/movex2023.nuevawebactual.es\/wp-content\/uploads\/2026\/03\/Diseno_sin_titulo-removebg-preview-300x88.png 300w, https:\/\/movex2023.nuevawebactual.es\/wp-content\/uploads\/2026\/03\/Diseno_sin_titulo-removebg-preview-768x224.png 768w, https:\/\/movex2023.nuevawebactual.es\/wp-content\/uploads\/2026\/03\/Diseno_sin_titulo-removebg-preview-18x5.png 18w\" sizes=\"(max-width: 924px) 100vw, 924px\" \/>\t\t\t\t\t\t\t\t\t\t\t\t\t\t\t<\/div>\n\t\t\t\t<\/div>\n\t\t\t\t\t<\/div>\n\t\t\t\t<\/div>\n\t\t<div class=\"elementor-element elementor-element-1397853 e-flex e-con-boxed e-con e-parent\" data-id=\"1397853\" data-element_type=\"container\" data-e-type=\"container\">\n\t\t\t\t\t<div class=\"e-con-inner\">\n\t\t<div class=\"elementor-element elementor-element-872b7be e-con-full e-flex e-con e-child\" data-id=\"872b7be\" data-element_type=\"container\" data-e-type=\"container\">\n\t\t\t\t<div class=\"elementor-element elementor-element-bc14225 elementor-widget elementor-widget-image\" data-id=\"bc14225\" data-element_type=\"widget\" data-e-type=\"widget\" data-widget_type=\"image.default\">\n\t\t\t\t<div class=\"elementor-widget-container\">\n\t\t\t\t\t\t\t\t\t\t\t\t\t\t\t\t<a href=\"https:\/\/movex2023.nuevawebactual.es\/en\/chasis\/serie-atl\/\">\n\t\t\t\t\t\t\t<img decoding=\"async\" width=\"283\" height=\"182\" src=\"https:\/\/movex2023.nuevawebactual.es\/wp-content\/uploads\/2023\/10\/Fotografia-002-TLR16_-3-1.png\" class=\"attachment-large size-large wp-image-446\" alt=\"\" \/>\t\t\t\t\t\t\t\t<\/a>\n\t\t\t\t\t\t\t\t\t\t\t\t\t\t\t<\/div>\n\t\t\t\t<\/div>\n\t\t\t\t<div class=\"elementor-element elementor-element-f3b8ef9 elementor-widget elementor-widget-heading\" data-id=\"f3b8ef9\" data-element_type=\"widget\" data-e-type=\"widget\" data-widget_type=\"heading.default\">\n\t\t\t\t<div class=\"elementor-widget-container\">\n\t\t\t\t\t<h2 class=\"elementor-heading-title elementor-size-default\"><a href=\"https:\/\/movex2023.nuevawebactual.es\/en\/chasis\/serie-atl\/\">ATL SERIES<\/a><\/h2>\t\t\t\t<\/div>\n\t\t\t\t<\/div>\n\t\t\t\t<div class=\"elementor-element elementor-element-4ae1c00 elementor-widget elementor-widget-text-editor\" data-id=\"4ae1c00\" data-element_type=\"widget\" data-e-type=\"widget\" data-widget_type=\"text-editor.default\">\n\t\t\t\t<div class=\"elementor-widget-container\">\n\t\t\t\t\t\t\t\t\t<p>A 3,500 kg 4x4 vehicle-mounted platform with a lifting height of up to 14.5 m. It\nfeatures an articulated arm that allows for a wide range of movement, both vertically and\nhorizontally. This machine offers a high degree of precision.<\/p>\t\t\t\t\t\t\t\t<\/div>\n\t\t\t\t<\/div>\n\t\t\t\t<\/div>\n\t\t<div class=\"elementor-element elementor-element-ea0ba13 e-con-full e-flex e-con e-child\" data-id=\"ea0ba13\" data-element_type=\"container\" data-e-type=\"container\">\n\t\t\t\t<div class=\"elementor-element elementor-element-4e4a8ca elementor-widget elementor-widget-image\" data-id=\"4e4a8ca\" data-element_type=\"widget\" data-e-type=\"widget\" data-widget_type=\"image.default\">\n\t\t\t\t<div class=\"elementor-widget-container\">\n\t\t\t\t\t\t\t\t\t\t\t\t\t\t\t\t<a href=\"https:\/\/movex2023.nuevawebactual.es\/en\/chasis\/serie-tlr\/\">\n\t\t\t\t\t\t\t<img decoding=\"async\" width=\"300\" height=\"253\" src=\"https:\/\/movex2023.nuevawebactual.es\/wp-content\/uploads\/2023\/10\/Fotografia-002-TLR16_-1-1.png\" class=\"attachment-large size-large wp-image-447\" alt=\"\" \/>\t\t\t\t\t\t\t\t<\/a>\n\t\t\t\t\t\t\t\t\t\t\t\t\t\t\t<\/div>\n\t\t\t\t<\/div>\n\t\t\t\t<div class=\"elementor-element elementor-element-7274a5a elementor-widget elementor-widget-heading\" data-id=\"7274a5a\" data-element_type=\"widget\" data-e-type=\"widget\" data-widget_type=\"heading.default\">\n\t\t\t\t<div class=\"elementor-widget-container\">\n\t\t\t\t\t<h2 class=\"elementor-heading-title elementor-size-default\"><a href=\"https:\/\/movex2023.nuevawebactual.es\/en\/chasis\/serie-tlr\/\">TLR SERIES<\/a><\/h2>\t\t\t\t<\/div>\n\t\t\t\t<\/div>\n\t\t\t\t<div class=\"elementor-element elementor-element-9a348f4 elementor-widget elementor-widget-text-editor\" data-id=\"9a348f4\" data-element_type=\"widget\" data-e-type=\"widget\" data-widget_type=\"text-editor.default\">\n\t\t\t\t<div class=\"elementor-widget-container\">\n\t\t\t\t\t\t\t\t\t<p>Truck-mounted platforms designed for 3.5-ton trucks with heights of 14.1, 16.4, 18, and 20\nmeters. These are very robust and reliable machines for which we guarantee functionality,\ncareful design, and adaptability for all types of work.<\/p>\t\t\t\t\t\t\t\t<\/div>\n\t\t\t\t<\/div>\n\t\t\t\t<\/div>\n\t\t<div class=\"elementor-element elementor-element-5ebd942 e-con-full e-flex e-con e-child\" data-id=\"5ebd942\" data-element_type=\"container\" data-e-type=\"container\">\n\t\t\t\t<div class=\"elementor-element elementor-element-d482af4 elementor-widget elementor-widget-image\" data-id=\"d482af4\" data-element_type=\"widget\" data-e-type=\"widget\" data-widget_type=\"image.default\">\n\t\t\t\t<div class=\"elementor-widget-container\">\n\t\t\t\t\t\t\t\t\t\t\t\t\t\t\t\t<a href=\"https:\/\/movex2023.nuevawebactual.es\/en\/chasis\/serie-tlr\/\">\n\t\t\t\t\t\t\t<img loading=\"lazy\" decoding=\"async\" width=\"691\" height=\"361\" src=\"https:\/\/movex2023.nuevawebactual.es\/wp-content\/uploads\/2026\/03\/Gemini_Generated_Image_q8gu84q8gu84q8gu-1-removebg-preview__1_-removebg-preview.png\" class=\"attachment-large size-large wp-image-1488\" alt=\"\" srcset=\"https:\/\/movex2023.nuevawebactual.es\/wp-content\/uploads\/2026\/03\/Gemini_Generated_Image_q8gu84q8gu84q8gu-1-removebg-preview__1_-removebg-preview.png 691w, https:\/\/movex2023.nuevawebactual.es\/wp-content\/uploads\/2026\/03\/Gemini_Generated_Image_q8gu84q8gu84q8gu-1-removebg-preview__1_-removebg-preview-300x157.png 300w, https:\/\/movex2023.nuevawebactual.es\/wp-content\/uploads\/2026\/03\/Gemini_Generated_Image_q8gu84q8gu84q8gu-1-removebg-preview__1_-removebg-preview-18x9.png 18w\" sizes=\"(max-width: 691px) 100vw, 691px\" \/>\t\t\t\t\t\t\t\t<\/a>\n\t\t\t\t\t\t\t\t\t\t\t\t\t\t\t<\/div>\n\t\t\t\t<\/div>\n\t\t\t\t<div class=\"elementor-element elementor-element-822b549 elementor-widget elementor-widget-heading\" data-id=\"822b549\" data-element_type=\"widget\" data-e-type=\"widget\" data-widget_type=\"heading.default\">\n\t\t\t\t<div class=\"elementor-widget-container\">\n\t\t\t\t\t<h2 class=\"elementor-heading-title elementor-size-default\"><a href=\"https:\/\/movex2023.nuevawebactual.es\/en\/chasis\/serie-tlr\/\">TLRx SERIES<\/a><\/h2>\t\t\t\t<\/div>\n\t\t\t\t<\/div>\n\t\t\t\t<div class=\"elementor-element elementor-element-0424974 elementor-widget elementor-widget-text-editor\" data-id=\"0424974\" data-element_type=\"widget\" data-e-type=\"widget\" data-widget_type=\"text-editor.default\">\n\t\t\t\t<div class=\"elementor-widget-container\">\n\t\t\t\t\t\t\t\t\t<p data-path-to-node=\"4\">Plataformas sobre cami\u00f3n concebidas para camiones de 3,5 t. con alturas de 14\u20191, 16\u20194, 18 y 20 metros. Se trata de m\u00e1quinas muy robustas y fiables de las que garantizamos funcionalidad, dise\u00f1o cuidado y adaptabilidad para todo tipo de trabajos.<\/p>\t\t\t\t\t\t\t\t<\/div>\n\t\t\t\t<\/div>\n\t\t\t\t<\/div>\n\t\t<div class=\"elementor-element elementor-element-417fe16 e-con-full e-flex e-con e-child\" data-id=\"417fe16\" data-element_type=\"container\" data-e-type=\"container\">\n\t\t\t\t<div class=\"elementor-element elementor-element-9ad18c1 elementor-widget elementor-widget-image\" data-id=\"9ad18c1\" data-element_type=\"widget\" data-e-type=\"widget\" data-widget_type=\"image.default\">\n\t\t\t\t<div class=\"elementor-widget-container\">\n\t\t\t\t\t\t\t\t\t\t\t\t\t\t\t\t<a href=\"https:\/\/movex2023.nuevawebactual.es\/en\/chasis\/serie-tlh\/\">\n\t\t\t\t\t\t\t<img loading=\"lazy\" decoding=\"async\" width=\"300\" height=\"266\" src=\"https:\/\/movex2023.nuevawebactual.es\/wp-content\/uploads\/2023\/10\/Fotografia-006_-1.png\" class=\"attachment-large size-large wp-image-448\" alt=\"\" \/>\t\t\t\t\t\t\t\t<\/a>\n\t\t\t\t\t\t\t\t\t\t\t\t\t\t\t<\/div>\n\t\t\t\t<\/div>\n\t\t\t\t<div class=\"elementor-element elementor-element-e5cb427 elementor-widget elementor-widget-heading\" data-id=\"e5cb427\" data-element_type=\"widget\" data-e-type=\"widget\" data-widget_type=\"heading.default\">\n\t\t\t\t<div class=\"elementor-widget-container\">\n\t\t\t\t\t<h2 class=\"elementor-heading-title elementor-size-default\"><a href=\"https:\/\/movex2023.nuevawebactual.es\/en\/chasis\/serie-tlh\/\">TLH SERIES<\/a><\/h2>\t\t\t\t<\/div>\n\t\t\t\t<\/div>\n\t\t\t\t<div class=\"elementor-element elementor-element-2ee2aaa elementor-widget elementor-widget-text-editor\" data-id=\"2ee2aaa\" data-element_type=\"widget\" data-e-type=\"widget\" data-widget_type=\"text-editor.default\">\n\t\t\t\t<div class=\"elementor-widget-container\">\n\t\t\t\t\t\t\t\t\t<p>The Movex eco-friendly series with 16, 18, and 20-meter booms. Fully electric lifting\nplatforms for diesel or gas-powered vehicles. The TLH series is cleaner and quieter, and has\nan autonomy of at least one working day.<\/p>\t\t\t\t\t\t\t\t<\/div>\n\t\t\t\t<\/div>\n\t\t\t\t<\/div>\n\t\t\t\t\t<\/div>\n\t\t\t\t<\/div>\n\t\t<div class=\"elementor-element elementor-element-868f84a e-flex e-con-boxed e-con e-parent\" data-id=\"868f84a\" data-element_type=\"container\" data-e-type=\"container\" data-settings=\"{&quot;background_background&quot;:&quot;classic&quot;}\">\n\t\t\t\t\t<div class=\"e-con-inner\">\n\t\t\t\t<div class=\"elementor-element elementor-element-8cd2ed2 elementor-widget elementor-widget-image\" data-id=\"8cd2ed2\" data-element_type=\"widget\" data-e-type=\"widget\" data-widget_type=\"image.default\">\n\t\t\t\t<div class=\"elementor-widget-container\">\n\t\t\t\t\t\t\t\t\t\t\t\t\t\t\t<img loading=\"lazy\" decoding=\"async\" width=\"303\" height=\"153\" src=\"https:\/\/movex2023.nuevawebactual.es\/wp-content\/uploads\/2023\/10\/FE_blanc-1.png\" class=\"attachment-large size-large wp-image-430\" alt=\"\" srcset=\"https:\/\/movex2023.nuevawebactual.es\/wp-content\/uploads\/2023\/10\/FE_blanc-1.png 303w, https:\/\/movex2023.nuevawebactual.es\/wp-content\/uploads\/2023\/10\/FE_blanc-1-300x151.png 300w\" sizes=\"(max-width: 303px) 100vw, 303px\" \/>\t\t\t\t\t\t\t\t\t\t\t\t\t\t\t<\/div>\n\t\t\t\t<\/div>\n\t\t\t\t\t<\/div>\n\t\t\t\t<\/div>\n\t\t<div class=\"elementor-element elementor-element-1feb0df e-flex e-con-boxed e-con e-parent\" data-id=\"1feb0df\" data-element_type=\"container\" data-e-type=\"container\">\n\t\t\t\t\t<div class=\"e-con-inner\">\n\t\t<div class=\"elementor-element elementor-element-0309a6e e-con-full e-flex e-con e-child\" data-id=\"0309a6e\" data-element_type=\"container\" data-e-type=\"container\">\n\t\t\t\t<div class=\"elementor-element elementor-element-2695887 elementor-widget elementor-widget-image\" data-id=\"2695887\" data-element_type=\"widget\" data-e-type=\"widget\" data-widget_type=\"image.default\">\n\t\t\t\t<div class=\"elementor-widget-container\">\n\t\t\t\t\t\t\t\t\t\t\t\t\t\t\t\t<a href=\"https:\/\/movex2023.nuevawebactual.es\/en\/chasis\/serie-topy\/\">\n\t\t\t\t\t\t\t<img loading=\"lazy\" decoding=\"async\" width=\"300\" height=\"186\" src=\"https:\/\/movex2023.nuevawebactual.es\/wp-content\/uploads\/2023\/10\/TOPY-10-1.png\" class=\"attachment-large size-large wp-image-452\" alt=\"\" \/>\t\t\t\t\t\t\t\t<\/a>\n\t\t\t\t\t\t\t\t\t\t\t\t\t\t\t<\/div>\n\t\t\t\t<\/div>\n\t\t\t\t<div class=\"elementor-element elementor-element-444ef2c elementor-widget elementor-widget-heading\" data-id=\"444ef2c\" data-element_type=\"widget\" data-e-type=\"widget\" data-widget_type=\"heading.default\">\n\t\t\t\t<div class=\"elementor-widget-container\">\n\t\t\t\t\t<h2 class=\"elementor-heading-title elementor-size-default\"><a href=\"https:\/\/movex2023.nuevawebactual.es\/en\/chasis\/serie-topy\/\">TOPY SERIES <\/a><\/h2>\t\t\t\t<\/div>\n\t\t\t\t<\/div>\n\t\t\t\t<div class=\"elementor-element elementor-element-160e44e elementor-widget elementor-widget-text-editor\" data-id=\"160e44e\" data-element_type=\"widget\" data-e-type=\"widget\" data-widget_type=\"text-editor.default\">\n\t\t\t\t<div class=\"elementor-widget-container\">\n\t\t\t\t\t\t\t\t\t<p>TOPY 10.2 for FORD TRANSIT represents an evolution that allows for optimized\nwork by simplifying its use, making it recognizable for all models and multiple activities.<\/p>\t\t\t\t\t\t\t\t<\/div>\n\t\t\t\t<\/div>\n\t\t\t\t<\/div>\n\t\t<div class=\"elementor-element elementor-element-bda495d e-con-full e-flex e-con e-child\" data-id=\"bda495d\" data-element_type=\"container\" data-e-type=\"container\">\n\t\t\t\t<\/div>\n\t\t<div class=\"elementor-element elementor-element-e689b90 e-con-full elementor-hidden-mobile e-flex e-con e-child\" data-id=\"e689b90\" data-element_type=\"container\" data-e-type=\"container\">\n\t\t\t\t<\/div>\n\t\t\t\t\t<\/div>\n\t\t\t\t<\/div>\n\t\t<div class=\"elementor-element elementor-element-06ccb1f e-con-full e-flex e-con e-parent\" data-id=\"06ccb1f\" data-element_type=\"container\" data-e-type=\"container\" data-settings=\"{&quot;background_background&quot;:&quot;classic&quot;}\">\n\t\t<div class=\"elementor-element elementor-element-ea6588c e-con-full e-flex e-con e-child\" data-id=\"ea6588c\" data-element_type=\"container\" data-e-type=\"container\">\n\t\t\t\t<div class=\"elementor-element elementor-element-d3300fa elementor-widget elementor-widget-heading\" data-id=\"d3300fa\" data-element_type=\"widget\" data-e-type=\"widget\" data-widget_type=\"heading.default\">\n\t\t\t\t<div class=\"elementor-widget-container\">\n\t\t\t\t\t<h2 class=\"elementor-heading-title elementor-size-default\">KITS<\/h2>\t\t\t\t<\/div>\n\t\t\t\t<\/div>\n\t\t\t\t<div class=\"elementor-element elementor-element-b4b4275 elementor-widget elementor-widget-heading\" data-id=\"b4b4275\" data-element_type=\"widget\" data-e-type=\"widget\" data-widget_type=\"heading.default\">\n\t\t\t\t<div class=\"elementor-widget-container\">\n\t\t\t\t\t<h2 class=\"elementor-heading-title elementor-size-default\">Product aimed at the international market<\/h2>\t\t\t\t<\/div>\n\t\t\t\t<\/div>\n\t\t\t\t<div class=\"elementor-element elementor-element-88210f8 elementor-widget elementor-widget-text-editor\" data-id=\"88210f8\" data-element_type=\"widget\" data-e-type=\"widget\" data-widget_type=\"text-editor.default\">\n\t\t\t\t<div class=\"elementor-widget-container\">\n\t\t\t\t\t\t\t\t\t<p>For more information, please contact our export department.<\/p>\t\t\t\t\t\t\t\t<\/div>\n\t\t\t\t<\/div>\n\t\t\t\t<div class=\"elementor-element elementor-element-dedbd5c elementor-widget elementor-widget-button\" data-id=\"dedbd5c\" data-element_type=\"widget\" data-e-type=\"widget\" data-widget_type=\"button.default\">\n\t\t\t\t<div class=\"elementor-widget-container\">\n\t\t\t\t\t\t\t\t\t<div class=\"elementor-button-wrapper\">\n\t\t\t\t\t<a class=\"elementor-button elementor-button-link elementor-size-sm\" href=\"https:\/\/movex2023.nuevawebactual.es\/en\/contacto\/\">\n\t\t\t\t\t\t<span class=\"elementor-button-content-wrapper\">\n\t\t\t\t\t\t\t\t\t<span class=\"elementor-button-text\">I want information<\/span>\n\t\t\t\t\t<\/span>\n\t\t\t\t\t<\/a>\n\t\t\t\t<\/div>\n\t\t\t\t\t\t\t\t<\/div>\n\t\t\t\t<\/div>\n\t\t\t\t<\/div>\n\t\t<div class=\"elementor-element elementor-element-f82f8e2 e-con-full e-flex e-con e-child\" data-id=\"f82f8e2\" data-element_type=\"container\" data-e-type=\"container\">\n\t\t\t\t<div class=\"elementor-element elementor-element-84fc553 elementor-widget elementor-widget-image\" data-id=\"84fc553\" data-element_type=\"widget\" data-e-type=\"widget\" data-widget_type=\"image.default\">\n\t\t\t\t<div class=\"elementor-widget-container\">\n\t\t\t\t\t\t\t\t\t\t\t\t\t\t\t<img loading=\"lazy\" decoding=\"async\" width=\"872\" height=\"404\" src=\"https:\/\/movex2023.nuevawebactual.es\/wp-content\/uploads\/2023\/10\/Rectangle-72.png\" class=\"attachment-large size-large wp-image-456\" alt=\"\" srcset=\"https:\/\/movex2023.nuevawebactual.es\/wp-content\/uploads\/2023\/10\/Rectangle-72.png 872w, https:\/\/movex2023.nuevawebactual.es\/wp-content\/uploads\/2023\/10\/Rectangle-72-300x139.png 300w, https:\/\/movex2023.nuevawebactual.es\/wp-content\/uploads\/2023\/10\/Rectangle-72-768x356.png 768w\" sizes=\"(max-width: 872px) 100vw, 872px\" \/>\t\t\t\t\t\t\t\t\t\t\t\t\t\t\t<\/div>\n\t\t\t\t<\/div>\n\t\t\t\t<\/div>\n\t\t\t\t<\/div>\n\t\t<div class=\"elementor-element elementor-element-a7f6e3a e-flex e-con-boxed e-con e-parent\" data-id=\"a7f6e3a\" data-element_type=\"container\" data-e-type=\"container\" data-settings=\"{&quot;background_background&quot;:&quot;classic&quot;}\">\n\t\t\t\t\t<div class=\"e-con-inner\">\n\t\t\t\t<div class=\"elementor-element elementor-element-2d59486 elementor-widget elementor-widget-heading\" data-id=\"2d59486\" data-element_type=\"widget\" data-e-type=\"widget\" data-widget_type=\"heading.default\">\n\t\t\t\t<div class=\"elementor-widget-container\">\n\t\t\t\t\t<h2 class=\"elementor-heading-title elementor-size-default\">\u00bfDo you need help choosing your platform?<\/h2>\t\t\t\t<\/div>\n\t\t\t\t<\/div>\n\t\t\t\t<div class=\"elementor-element elementor-element-1c22f5f5 elementor-align-center elementor-widget elementor-widget-button\" data-id=\"1c22f5f5\" data-element_type=\"widget\" data-e-type=\"widget\" data-widget_type=\"button.default\">\n\t\t\t\t<div class=\"elementor-widget-container\">\n\t\t\t\t\t\t\t\t\t<div class=\"elementor-button-wrapper\">\n\t\t\t\t\t<a class=\"elementor-button elementor-button-link elementor-size-sm\" href=\"https:\/\/movex2023.nuevawebactual.es\/en\/contacto\/\">\n\t\t\t\t\t\t<span class=\"elementor-button-content-wrapper\">\n\t\t\t\t\t\t\t\t\t<span class=\"elementor-button-text\">WE HELP YOU<\/span>\n\t\t\t\t\t<\/span>\n\t\t\t\t\t<\/a>\n\t\t\t\t<\/div>\n\t\t\t\t\t\t\t\t<\/div>\n\t\t\t\t<\/div>\n\t\t\t\t\t<\/div>\n\t\t\t\t<\/div>\n\t\t\t\t<\/div>","protected":false},"excerpt":{"rendered":"<p>CHASIS Plataformas sobre cami\u00f3n Plataformas sobre cami\u00f3n concebidas para camiones de 3,5 t. con alturas de 14&#8217;1, 16&#8217;4, 18 y 20 metros. Se trata de m\u00e1quinas muy robustas y fiables de las que garantizamos funcionalidad, dise\u00f1o cuidado y adaptabilidad para todo tipo de trabajos SERIE ATL Una plataforma sobre veh\u00edculo 4&#215;4 de 3.500 kg con &hellip;<\/p>\n<p class=\"read-more\"> <a class=\"\" href=\"https:\/\/movex2023.nuevawebactual.es\/en\/chasis\/\"> <span class=\"screen-reader-text\">Chassis<\/span> Read More &raquo;<\/a><\/p>","protected":false},"author":1,"featured_media":0,"parent":0,"menu_order":0,"comment_status":"closed","ping_status":"closed","template":"elementor_header_footer","meta":{"site-sidebar-layout":"no-sidebar","site-content-layout":"","ast-site-content-layout":"full-width-container","site-content-style":"default","site-sidebar-style":"default","ast-global-header-display":"","ast-banner-title-visibility":"","ast-main-header-display":"","ast-hfb-above-header-display":"","ast-hfb-below-header-display":"","ast-hfb-mobile-header-display":"","site-post-title":"disabled","ast-breadcrumbs-content":"","ast-featured-img":"disabled","footer-sml-layout":"","theme-transparent-header-meta":"","adv-header-id-meta":"","stick-header-meta":"","header-above-stick-meta":"","header-main-stick-meta":"","header-below-stick-meta":"","astra-migrate-meta-layouts":"","footnotes":""},"class_list":["post-442","page","type-page","status-publish","hentry"],"rttpg_featured_image_url":null,"rttpg_author":{"display_name":"DeveloperActu@l23","author_link":"https:\/\/movex2023.nuevawebactual.es\/en\/author\/developeractul23\/"},"rttpg_comment":0,"rttpg_category":null,"rttpg_excerpt":"CHASIS Plataformas sobre cami\u00f3n Plataformas sobre cami\u00f3n concebidas para camiones de 3,5 t. con alturas de 14&#8217;1, 16&#8217;4, 18 y 20 metros. Se trata de m\u00e1quinas muy robustas y fiables de las que garantizamos funcionalidad, dise\u00f1o cuidado y adaptabilidad para todo tipo de trabajos SERIE ATL Una plataforma sobre veh\u00edculo 4&#215;4 de 3.500 kg con&hellip;","_links":{"self":[{"href":"https:\/\/movex2023.nuevawebactual.es\/en\/wp-json\/wp\/v2\/pages\/442","targetHints":{"allow":["GET"]}}],"collection":[{"href":"https:\/\/movex2023.nuevawebactual.es\/en\/wp-json\/wp\/v2\/pages"}],"about":[{"href":"https:\/\/movex2023.nuevawebactual.es\/en\/wp-json\/wp\/v2\/types\/page"}],"author":[{"embeddable":true,"href":"https:\/\/movex2023.nuevawebactual.es\/en\/wp-json\/wp\/v2\/users\/1"}],"replies":[{"embeddable":true,"href":"https:\/\/movex2023.nuevawebactual.es\/en\/wp-json\/wp\/v2\/comments?post=442"}],"version-history":[{"count":40,"href":"https:\/\/movex2023.nuevawebactual.es\/en\/wp-json\/wp\/v2\/pages\/442\/revisions"}],"predecessor-version":[{"id":1495,"href":"https:\/\/movex2023.nuevawebactual.es\/en\/wp-json\/wp\/v2\/pages\/442\/revisions\/1495"}],"wp:attachment":[{"href":"https:\/\/movex2023.nuevawebactual.es\/en\/wp-json\/wp\/v2\/media?parent=442"}],"curies":[{"name":"wp","href":"https:\/\/api.w.org\/{rel}","templated":true}]}}