{"id":421,"date":"2023-10-18T10:01:40","date_gmt":"2023-10-18T08:01:40","guid":{"rendered":"https:\/\/movex2023.nuevawebactual.es\/?page_id=421"},"modified":"2026-02-03T12:05:47","modified_gmt":"2026-02-03T11:05:47","slug":"furgon","status":"publish","type":"page","link":"https:\/\/movex2023.nuevawebactual.es\/en\/furgon\/","title":{"rendered":"Van"},"content":{"rendered":"<div data-elementor-type=\"wp-page\" data-elementor-id=\"421\" class=\"elementor elementor-421\">\n\t\t\t\t<div class=\"elementor-element elementor-element-3cc20d5 e-con-full e-flex e-con e-parent\" data-id=\"3cc20d5\" data-element_type=\"container\" data-e-type=\"container\" data-settings=\"{&quot;background_background&quot;:&quot;classic&quot;}\">\n\t\t\t\t<div class=\"elementor-element elementor-element-ba26859 elementor-widget elementor-widget-heading\" data-id=\"ba26859\" data-element_type=\"widget\" data-e-type=\"widget\" data-widget_type=\"heading.default\">\n\t\t\t\t<div class=\"elementor-widget-container\">\n\t\t\t\t\t<h2 class=\"elementor-heading-title elementor-size-default\">VAN<\/h2>\t\t\t\t<\/div>\n\t\t\t\t<\/div>\n\t\t\t\t<\/div>\n\t\t<div class=\"elementor-element elementor-element-5d59e75 e-flex e-con-boxed e-con e-parent\" data-id=\"5d59e75\" data-element_type=\"container\" data-e-type=\"container\">\n\t\t\t\t\t<div class=\"e-con-inner\">\n\t\t\t\t<div class=\"elementor-element elementor-element-d598dd8 elementor-widget elementor-widget-heading\" data-id=\"d598dd8\" data-element_type=\"widget\" data-e-type=\"widget\" data-widget_type=\"heading.default\">\n\t\t\t\t<div class=\"elementor-widget-container\">\n\t\t\t\t\t<h2 class=\"elementor-heading-title elementor-size-default\">Platforms on Vans<\/h2>\t\t\t\t<\/div>\n\t\t\t\t<\/div>\n\t\t\t\t<div class=\"elementor-element elementor-element-1a7a685 elementor-widget elementor-widget-text-editor\" data-id=\"1a7a685\" data-element_type=\"widget\" data-e-type=\"widget\" data-widget_type=\"text-editor.default\">\n\t\t\t\t<div class=\"elementor-widget-container\">\n\t\t\t\t\t\t\t\t\t<p>Movex Lift offers a range of van-mounted platforms, ideal for work on public roads and in\nconfined urban spaces. These van-mounted platforms reach significant heights and are\neasier to move, as well as being able to travel on public roads. They are ideal for jobs\nrequiring continuous movement.<\/p><p>Among the van-mounted platforms manufactured by Movex Lift, we find the TLF series,\nwhich, as the name indicates, is a telescopic van-mounted platform.<\/p>\t\t\t\t\t\t\t\t<\/div>\n\t\t\t\t<\/div>\n\t\t\t\t\t<\/div>\n\t\t\t\t<\/div>\n\t\t<div class=\"elementor-element elementor-element-c07b460 e-flex e-con-boxed e-con e-parent\" data-id=\"c07b460\" data-element_type=\"container\" data-e-type=\"container\" data-settings=\"{&quot;background_background&quot;:&quot;classic&quot;}\">\n\t\t\t\t\t<div class=\"e-con-inner\">\n\t\t\t\t<div class=\"elementor-element elementor-element-b3dad5b elementor-widget elementor-widget-image\" data-id=\"b3dad5b\" data-element_type=\"widget\" data-e-type=\"widget\" data-widget_type=\"image.default\">\n\t\t\t\t<div class=\"elementor-widget-container\">\n\t\t\t\t\t\t\t\t\t\t\t\t\t\t\t<img decoding=\"async\" width=\"357\" height=\"127\" src=\"https:\/\/movex2023.nuevawebactual.es\/wp-content\/uploads\/2023\/10\/logo_Movex_blanc.png\" class=\"attachment-large size-large wp-image-428\" alt=\"\" srcset=\"https:\/\/movex2023.nuevawebactual.es\/wp-content\/uploads\/2023\/10\/logo_Movex_blanc.png 357w, https:\/\/movex2023.nuevawebactual.es\/wp-content\/uploads\/2023\/10\/logo_Movex_blanc-300x107.png 300w\" sizes=\"(max-width: 357px) 100vw, 357px\" \/>\t\t\t\t\t\t\t\t\t\t\t\t\t\t\t<\/div>\n\t\t\t\t<\/div>\n\t\t\t\t\t<\/div>\n\t\t\t\t<\/div>\n\t\t<div class=\"elementor-element elementor-element-ee07d9d e-flex e-con-boxed e-con e-parent\" data-id=\"ee07d9d\" data-element_type=\"container\" data-e-type=\"container\">\n\t\t\t\t\t<div class=\"e-con-inner\">\n\t\t<div class=\"elementor-element elementor-element-19bd8f1 e-con-full e-flex e-con e-child\" data-id=\"19bd8f1\" data-element_type=\"container\" data-e-type=\"container\">\n\t\t\t\t<div class=\"elementor-element elementor-element-cf6c6cc elementor-widget elementor-widget-image\" data-id=\"cf6c6cc\" data-element_type=\"widget\" data-e-type=\"widget\" data-widget_type=\"image.default\">\n\t\t\t\t<div class=\"elementor-widget-container\">\n\t\t\t\t\t\t\t\t\t\t\t\t\t\t\t\t<a href=\"https:\/\/movex2023.nuevawebactual.es\/en\/serie-tlf\/\">\n\t\t\t\t\t\t\t<img fetchpriority=\"high\" decoding=\"async\" width=\"411\" height=\"209\" src=\"https:\/\/movex2023.nuevawebactual.es\/wp-content\/uploads\/2023\/10\/Fotografia-002-TLR16_-3.png\" class=\"attachment-large size-large wp-image-429\" alt=\"\" srcset=\"https:\/\/movex2023.nuevawebactual.es\/wp-content\/uploads\/2023\/10\/Fotografia-002-TLR16_-3.png 411w, https:\/\/movex2023.nuevawebactual.es\/wp-content\/uploads\/2023\/10\/Fotografia-002-TLR16_-3-300x153.png 300w\" sizes=\"(max-width: 411px) 100vw, 411px\" \/>\t\t\t\t\t\t\t\t<\/a>\n\t\t\t\t\t\t\t\t\t\t\t\t\t\t\t<\/div>\n\t\t\t\t<\/div>\n\t\t\t\t<div class=\"elementor-element elementor-element-a2905f3 elementor-widget elementor-widget-heading\" data-id=\"a2905f3\" data-element_type=\"widget\" data-e-type=\"widget\" data-widget_type=\"heading.default\">\n\t\t\t\t<div class=\"elementor-widget-container\">\n\t\t\t\t\t<h2 class=\"elementor-heading-title elementor-size-default\"><a href=\"https:\/\/movex2023.nuevawebactual.es\/en\/serie-tlf\/\">TLF SERIES<\/a><\/h2>\t\t\t\t<\/div>\n\t\t\t\t<\/div>\n\t\t\t\t<div class=\"elementor-element elementor-element-4bfbde1 elementor-widget elementor-widget-text-editor\" data-id=\"4bfbde1\" data-element_type=\"widget\" data-e-type=\"widget\" data-widget_type=\"text-editor.default\">\n\t\t\t\t<div class=\"elementor-widget-container\">\n\t\t\t\t\t\t\t\t\t<p>Movex Lift offers a range of van-mounted platforms, ideal for work on public roads and in\nconfined urban spaces. Van-mounted platforms reach great heights and are easier to move.<\/p>\t\t\t\t\t\t\t\t<\/div>\n\t\t\t\t<\/div>\n\t\t\t\t<\/div>\n\t\t<div class=\"elementor-element elementor-element-86dbace e-con-full elementor-hidden-mobile e-flex e-con e-child\" data-id=\"86dbace\" data-element_type=\"container\" data-e-type=\"container\">\n\t\t\t\t<\/div>\n\t\t<div class=\"elementor-element elementor-element-c6ebf8b e-con-full elementor-hidden-mobile e-flex e-con e-child\" data-id=\"c6ebf8b\" data-element_type=\"container\" data-e-type=\"container\">\n\t\t\t\t<\/div>\n\t\t\t\t\t<\/div>\n\t\t\t\t<\/div>\n\t\t<div class=\"elementor-element elementor-element-c8f8542 e-flex e-con-boxed e-con e-parent\" data-id=\"c8f8542\" data-element_type=\"container\" data-e-type=\"container\" data-settings=\"{&quot;background_background&quot;:&quot;classic&quot;}\">\n\t\t\t\t\t<div class=\"e-con-inner\">\n\t\t\t\t<div class=\"elementor-element elementor-element-f99c9a1 elementor-widget elementor-widget-image\" data-id=\"f99c9a1\" data-element_type=\"widget\" data-e-type=\"widget\" data-widget_type=\"image.default\">\n\t\t\t\t<div class=\"elementor-widget-container\">\n\t\t\t\t\t\t\t\t\t\t\t\t\t\t\t<img decoding=\"async\" width=\"303\" height=\"153\" src=\"https:\/\/movex2023.nuevawebactual.es\/wp-content\/uploads\/2023\/10\/FE_blanc-1.png\" class=\"attachment-large size-large wp-image-430\" alt=\"\" srcset=\"https:\/\/movex2023.nuevawebactual.es\/wp-content\/uploads\/2023\/10\/FE_blanc-1.png 303w, https:\/\/movex2023.nuevawebactual.es\/wp-content\/uploads\/2023\/10\/FE_blanc-1-300x151.png 300w\" sizes=\"(max-width: 303px) 100vw, 303px\" \/>\t\t\t\t\t\t\t\t\t\t\t\t\t\t\t<\/div>\n\t\t\t\t<\/div>\n\t\t\t\t\t<\/div>\n\t\t\t\t<\/div>\n\t\t<div class=\"elementor-element elementor-element-dc467b7 e-flex e-con-boxed e-con e-parent\" data-id=\"dc467b7\" data-element_type=\"container\" data-e-type=\"container\">\n\t\t\t\t\t<div class=\"e-con-inner\">\n\t\t<div class=\"elementor-element elementor-element-321e94d e-con-full e-flex e-con e-child\" data-id=\"321e94d\" data-element_type=\"container\" data-e-type=\"container\">\n\t\t\t\t<div class=\"elementor-element elementor-element-8694b6d elementor-widget elementor-widget-image\" data-id=\"8694b6d\" data-element_type=\"widget\" data-e-type=\"widget\" data-widget_type=\"image.default\">\n\t\t\t\t<div class=\"elementor-widget-container\">\n\t\t\t\t\t\t\t\t\t\t\t\t\t\t\t\t<a href=\"https:\/\/movex2023.nuevawebactual.es\/en\/furgon\/serie-101\/\">\n\t\t\t\t\t\t\t<img loading=\"lazy\" decoding=\"async\" width=\"366\" height=\"198\" src=\"https:\/\/movex2023.nuevawebactual.es\/wp-content\/uploads\/2023\/10\/101-Fp-Ford-Custom-1.png\" class=\"attachment-large size-large wp-image-431\" alt=\"\" srcset=\"https:\/\/movex2023.nuevawebactual.es\/wp-content\/uploads\/2023\/10\/101-Fp-Ford-Custom-1.png 366w, https:\/\/movex2023.nuevawebactual.es\/wp-content\/uploads\/2023\/10\/101-Fp-Ford-Custom-1-300x162.png 300w\" sizes=\"(max-width: 366px) 100vw, 366px\" \/>\t\t\t\t\t\t\t\t<\/a>\n\t\t\t\t\t\t\t\t\t\t\t\t\t\t\t<\/div>\n\t\t\t\t<\/div>\n\t\t\t\t<div class=\"elementor-element elementor-element-84dc026 elementor-widget elementor-widget-heading\" data-id=\"84dc026\" data-element_type=\"widget\" data-e-type=\"widget\" data-widget_type=\"heading.default\">\n\t\t\t\t<div class=\"elementor-widget-container\">\n\t\t\t\t\t<h2 class=\"elementor-heading-title elementor-size-default\"><a href=\"https:\/\/movex2023.nuevawebactual.es\/en\/furgon\/serie-101\/\">101 FP<\/a><\/h2>\t\t\t\t<\/div>\n\t\t\t\t<\/div>\n\t\t\t\t<div class=\"elementor-element elementor-element-c1efe54 elementor-widget elementor-widget-text-editor\" data-id=\"c1efe54\" data-element_type=\"widget\" data-e-type=\"widget\" data-widget_type=\"text-editor.default\">\n\t\t\t\t<div class=\"elementor-widget-container\">\n\t\t\t\t\t\t\t\t\t<p>This range is mounted on an L1H1 support with a platform to maintain the original load\nlength.<\/p>\t\t\t\t\t\t\t\t<\/div>\n\t\t\t\t<\/div>\n\t\t\t\t<\/div>\n\t\t<div class=\"elementor-element elementor-element-60d7432 e-con-full e-flex e-con e-child\" data-id=\"60d7432\" data-element_type=\"container\" data-e-type=\"container\">\n\t\t\t\t<div class=\"elementor-element elementor-element-f61baa6 elementor-widget elementor-widget-image\" data-id=\"f61baa6\" data-element_type=\"widget\" data-e-type=\"widget\" data-widget_type=\"image.default\">\n\t\t\t\t<div class=\"elementor-widget-container\">\n\t\t\t\t\t\t\t\t\t\t\t\t\t\t\t\t<a href=\"https:\/\/movex2023.nuevawebactual.es\/en\/furgon\/serie-121-ft\/\">\n\t\t\t\t\t\t\t<img loading=\"lazy\" decoding=\"async\" width=\"361\" height=\"194\" src=\"https:\/\/movex2023.nuevawebactual.es\/wp-content\/uploads\/2023\/10\/Miniatures_vehicules_121_FTcc_Renault_Master-1.png\" class=\"attachment-large size-large wp-image-432\" alt=\"\" srcset=\"https:\/\/movex2023.nuevawebactual.es\/wp-content\/uploads\/2023\/10\/Miniatures_vehicules_121_FTcc_Renault_Master-1.png 361w, https:\/\/movex2023.nuevawebactual.es\/wp-content\/uploads\/2023\/10\/Miniatures_vehicules_121_FTcc_Renault_Master-1-300x161.png 300w\" sizes=\"(max-width: 361px) 100vw, 361px\" \/>\t\t\t\t\t\t\t\t<\/a>\n\t\t\t\t\t\t\t\t\t\t\t\t\t\t\t<\/div>\n\t\t\t\t<\/div>\n\t\t\t\t<div class=\"elementor-element elementor-element-49c971b elementor-widget elementor-widget-heading\" data-id=\"49c971b\" data-element_type=\"widget\" data-e-type=\"widget\" data-widget_type=\"heading.default\">\n\t\t\t\t<div class=\"elementor-widget-container\">\n\t\t\t\t\t<h2 class=\"elementor-heading-title elementor-size-default\"><a href=\"https:\/\/movex2023.nuevawebactual.es\/en\/furgon\/serie-121-ft\/\">121 FT<\/a><\/h2>\t\t\t\t<\/div>\n\t\t\t\t<\/div>\n\t\t\t\t<div class=\"elementor-element elementor-element-1aa6a54 elementor-widget elementor-widget-text-editor\" data-id=\"1aa6a54\" data-element_type=\"widget\" data-e-type=\"widget\" data-widget_type=\"text-editor.default\">\n\t\t\t\t<div class=\"elementor-widget-container\">\n\t\t\t\t\t\t\t\t\t<p>This unit has provided perspective to the concept of an aerial platform on a 3t5 van\nsince 1980 and has continued to evolve since then to meet market needs.<\/p>\t\t\t\t\t\t\t\t<\/div>\n\t\t\t\t<\/div>\n\t\t\t\t<\/div>\n\t\t<div class=\"elementor-element elementor-element-520f512 e-con-full elementor-hidden-mobile e-flex e-con e-child\" data-id=\"520f512\" data-element_type=\"container\" data-e-type=\"container\">\n\t\t\t\t<\/div>\n\t\t\t\t\t<\/div>\n\t\t\t\t<\/div>\n\t\t<div class=\"elementor-element elementor-element-c6ffb1e e-flex e-con-boxed e-con e-parent\" data-id=\"c6ffb1e\" data-element_type=\"container\" data-e-type=\"container\" data-settings=\"{&quot;background_background&quot;:&quot;classic&quot;}\">\n\t\t\t\t\t<div class=\"e-con-inner\">\n\t\t\t\t<div class=\"elementor-element elementor-element-772b256 elementor-widget elementor-widget-heading\" data-id=\"772b256\" data-element_type=\"widget\" data-e-type=\"widget\" data-widget_type=\"heading.default\">\n\t\t\t\t<div class=\"elementor-widget-container\">\n\t\t\t\t\t<h2 class=\"elementor-heading-title elementor-size-default\">\u00bfDo you need help choosing your platform?<\/h2>\t\t\t\t<\/div>\n\t\t\t\t<\/div>\n\t\t\t\t<div class=\"elementor-element elementor-element-eca48a3 elementor-align-center elementor-widget elementor-widget-button\" data-id=\"eca48a3\" data-element_type=\"widget\" data-e-type=\"widget\" data-widget_type=\"button.default\">\n\t\t\t\t<div class=\"elementor-widget-container\">\n\t\t\t\t\t\t\t\t\t<div class=\"elementor-button-wrapper\">\n\t\t\t\t\t<a class=\"elementor-button elementor-button-link elementor-size-sm\" href=\"https:\/\/movex2023.nuevawebactual.es\/en\/contacto\/\">\n\t\t\t\t\t\t<span class=\"elementor-button-content-wrapper\">\n\t\t\t\t\t\t\t\t\t<span class=\"elementor-button-text\">WE HELP YOU<\/span>\n\t\t\t\t\t<\/span>\n\t\t\t\t\t<\/a>\n\t\t\t\t<\/div>\n\t\t\t\t\t\t\t\t<\/div>\n\t\t\t\t<\/div>\n\t\t\t\t\t<\/div>\n\t\t\t\t<\/div>\n\t\t\t\t<\/div>","protected":false},"excerpt":{"rendered":"<p>FURG\u00d3N Plataformas sobre furg\u00f3n Movex Lift dispone de una gama de plataformas instaladas sobre furg\u00f3n, ideales para trabajos en v\u00edas p\u00fablicas y espacios urbanos reducidos. Las plataformas sobre furg\u00f3n alcanzan gran altura y son m\u00e1s sencillas de desplazar, adem\u00e1s de poder circular por v\u00eda p\u00fablica. Son ideales para trabajos en los cuales hay un desplazamiento &hellip;<\/p>\n<p class=\"read-more\"> <a class=\"\" href=\"https:\/\/movex2023.nuevawebactual.es\/en\/furgon\/\"> <span class=\"screen-reader-text\">Van<\/span> Read More &raquo;<\/a><\/p>","protected":false},"author":1,"featured_media":0,"parent":0,"menu_order":0,"comment_status":"closed","ping_status":"closed","template":"elementor_header_footer","meta":{"site-sidebar-layout":"no-sidebar","site-content-layout":"","ast-site-content-layout":"full-width-container","site-content-style":"default","site-sidebar-style":"default","ast-global-header-display":"","ast-banner-title-visibility":"","ast-main-header-display":"","ast-hfb-above-header-display":"","ast-hfb-below-header-display":"","ast-hfb-mobile-header-display":"","site-post-title":"disabled","ast-breadcrumbs-content":"","ast-featured-img":"disabled","footer-sml-layout":"","theme-transparent-header-meta":"","adv-header-id-meta":"","stick-header-meta":"","header-above-stick-meta":"","header-main-stick-meta":"","header-below-stick-meta":"","astra-migrate-meta-layouts":"","footnotes":""},"class_list":["post-421","page","type-page","status-publish","hentry"],"rttpg_featured_image_url":null,"rttpg_author":{"display_name":"DeveloperActu@l23","author_link":"https:\/\/movex2023.nuevawebactual.es\/en\/author\/developeractul23\/"},"rttpg_comment":0,"rttpg_category":null,"rttpg_excerpt":"FURG\u00d3N Plataformas sobre furg\u00f3n Movex Lift dispone de una gama de plataformas instaladas sobre furg\u00f3n, ideales para trabajos en v\u00edas p\u00fablicas y espacios urbanos reducidos. Las plataformas sobre furg\u00f3n alcanzan gran altura y son m\u00e1s sencillas de desplazar, adem\u00e1s de poder circular por v\u00eda p\u00fablica. Son ideales para trabajos en los cuales hay un desplazamiento&hellip;","_links":{"self":[{"href":"https:\/\/movex2023.nuevawebactual.es\/en\/wp-json\/wp\/v2\/pages\/421","targetHints":{"allow":["GET"]}}],"collection":[{"href":"https:\/\/movex2023.nuevawebactual.es\/en\/wp-json\/wp\/v2\/pages"}],"about":[{"href":"https:\/\/movex2023.nuevawebactual.es\/en\/wp-json\/wp\/v2\/types\/page"}],"author":[{"embeddable":true,"href":"https:\/\/movex2023.nuevawebactual.es\/en\/wp-json\/wp\/v2\/users\/1"}],"replies":[{"embeddable":true,"href":"https:\/\/movex2023.nuevawebactual.es\/en\/wp-json\/wp\/v2\/comments?post=421"}],"version-history":[{"count":34,"href":"https:\/\/movex2023.nuevawebactual.es\/en\/wp-json\/wp\/v2\/pages\/421\/revisions"}],"predecessor-version":[{"id":1263,"href":"https:\/\/movex2023.nuevawebactual.es\/en\/wp-json\/wp\/v2\/pages\/421\/revisions\/1263"}],"wp:attachment":[{"href":"https:\/\/movex2023.nuevawebactual.es\/en\/wp-json\/wp\/v2\/media?parent=421"}],"curies":[{"name":"wp","href":"https:\/\/api.w.org\/{rel}","templated":true}]}}