{"id":266,"date":"2023-10-14T18:35:47","date_gmt":"2023-10-14T16:35:47","guid":{"rendered":"https:\/\/movex2023.nuevawebactual.es\/?page_id=266"},"modified":"2026-03-24T18:44:55","modified_gmt":"2026-03-24T17:44:55","slug":"formacion","status":"publish","type":"page","link":"https:\/\/movex2023.nuevawebactual.es\/en\/formacion\/","title":{"rendered":"Training"},"content":{"rendered":"<div data-elementor-type=\"wp-page\" data-elementor-id=\"266\" class=\"elementor elementor-266\">\n\t\t\t\t<div class=\"elementor-element elementor-element-86af44c e-con-full e-flex e-con e-parent\" data-id=\"86af44c\" data-element_type=\"container\" data-e-type=\"container\" data-settings=\"{&quot;background_background&quot;:&quot;classic&quot;}\">\n\t\t\t\t<div class=\"elementor-element elementor-element-179e3e4 elementor-widget elementor-widget-heading\" data-id=\"179e3e4\" data-element_type=\"widget\" data-e-type=\"widget\" data-widget_type=\"heading.default\">\n\t\t\t\t<div class=\"elementor-widget-container\">\n\t\t\t\t\t<h2 class=\"elementor-heading-title elementor-size-default\">TRAINING<\/h2>\t\t\t\t<\/div>\n\t\t\t\t<\/div>\n\t\t\t\t<\/div>\n\t\t<div class=\"elementor-element elementor-element-01f2cbf e-con-full e-flex e-con e-parent\" data-id=\"01f2cbf\" data-element_type=\"container\" data-e-type=\"container\" data-settings=\"{&quot;background_background&quot;:&quot;classic&quot;}\">\n\t\t<div class=\"elementor-element elementor-element-425b545 e-con-full e-flex e-con e-child\" data-id=\"425b545\" data-element_type=\"container\" data-e-type=\"container\">\n\t\t\t\t<div class=\"elementor-element elementor-element-a614dde elementor-widget elementor-widget-heading\" data-id=\"a614dde\" data-element_type=\"widget\" data-e-type=\"widget\" data-widget_type=\"heading.default\">\n\t\t\t\t<div class=\"elementor-widget-container\">\n\t\t\t\t\t<h2 class=\"elementor-heading-title elementor-size-default\">TALENT DEVELOPMENT AND TRAINING<\/h2>\t\t\t\t<\/div>\n\t\t\t\t<\/div>\n\t\t\t\t<\/div>\n\t\t<div class=\"elementor-element elementor-element-744ed46 e-con-full e-flex e-con e-child\" data-id=\"744ed46\" data-element_type=\"container\" data-e-type=\"container\">\n\t\t\t\t<div class=\"elementor-element elementor-element-bbc781b elementor-widget elementor-widget-text-editor\" data-id=\"bbc781b\" data-element_type=\"widget\" data-e-type=\"widget\" data-widget_type=\"text-editor.default\">\n\t\t\t\t<div class=\"elementor-widget-container\">\n\t\t\t\t\t\t\t\t\t<p>At Movex, we train the best professionals in the aerial work platform sector. We help our clients and operators increase their knowledge and put it into practice. Through training, we contribute to their professional development and expertise through both theoretical and practical instruction.<\/p>\t\t\t\t\t\t\t\t<\/div>\n\t\t\t\t<\/div>\n\t\t\t\t<\/div>\n\t\t\t\t<\/div>\n\t\t<div class=\"elementor-element elementor-element-26cc3d8 e-flex e-con-boxed e-con e-parent\" data-id=\"26cc3d8\" data-element_type=\"container\" data-e-type=\"container\">\n\t\t\t\t\t<div class=\"e-con-inner\">\n\t\t<div class=\"elementor-element elementor-element-d85408b e-con-full e-flex e-con e-child\" data-id=\"d85408b\" data-element_type=\"container\" data-e-type=\"container\" data-settings=\"{&quot;background_background&quot;:&quot;classic&quot;}\">\n\t\t\t\t<div class=\"elementor-element elementor-element-c0f78d4 elementor-widget elementor-widget-heading\" data-id=\"c0f78d4\" data-element_type=\"widget\" data-e-type=\"widget\" data-widget_type=\"heading.default\">\n\t\t\t\t<div class=\"elementor-widget-container\">\n\t\t\t\t\t<h2 class=\"elementor-heading-title elementor-size-default\">Technical Courses on Movex Platforms<\/h2>\t\t\t\t<\/div>\n\t\t\t\t<\/div>\n\t\t\t\t<div class=\"elementor-element elementor-element-ab5df81 elementor-widget elementor-widget-text-editor\" data-id=\"ab5df81\" data-element_type=\"widget\" data-e-type=\"widget\" data-widget_type=\"text-editor.default\">\n\t\t\t\t<div class=\"elementor-widget-container\">\n\t\t\t\t\t\t\t\t\t<p>Learn firsthand the technical and specific aspects of our machines.<\/p>\t\t\t\t\t\t\t\t<\/div>\n\t\t\t\t<\/div>\n\t\t\t\t<div class=\"elementor-element elementor-element-7f4f82e elementor-widget__width-initial elementor-widget elementor-widget-accordion\" data-id=\"7f4f82e\" data-element_type=\"widget\" data-e-type=\"widget\" data-widget_type=\"accordion.default\">\n\t\t\t\t<div class=\"elementor-widget-container\">\n\t\t\t\t\t\t\t<div class=\"elementor-accordion\">\n\t\t\t\t\t\t\t<div class=\"elementor-accordion-item\">\n\t\t\t\t\t<div id=\"elementor-tab-title-1331\" class=\"elementor-tab-title\" data-tab=\"1\" role=\"button\" aria-controls=\"elementor-tab-content-1331\" aria-expanded=\"false\">\n\t\t\t\t\t\t\t\t\t\t\t\t<a class=\"elementor-accordion-title\" tabindex=\"0\"><\/a>\n\t\t\t\t\t<\/div>\n\t\t\t\t\t<div id=\"elementor-tab-content-1331\" class=\"elementor-tab-content elementor-clearfix\" data-tab=\"1\" role=\"region\" aria-labelledby=\"elementor-tab-title-1331\"><\/div>\n\t\t\t\t<\/div>\n\t\t\t\t\t\t\t<div class=\"elementor-accordion-item\">\n\t\t\t\t\t<div id=\"elementor-tab-title-1332\" class=\"elementor-tab-title\" data-tab=\"2\" role=\"button\" aria-controls=\"elementor-tab-content-1332\" aria-expanded=\"false\">\n\t\t\t\t\t\t\t\t\t\t\t\t<a class=\"elementor-accordion-title\" tabindex=\"0\">SEE MORE<\/a>\n\t\t\t\t\t<\/div>\n\t\t\t\t\t<div id=\"elementor-tab-content-1332\" class=\"elementor-tab-content elementor-clearfix\" data-tab=\"2\" role=\"region\" aria-labelledby=\"elementor-tab-title-1332\"><p><strong>\u00bfAre you looking to improve your skills and experience with Movex machinery?<\/strong><\/p><p>We offer flexible training geared towards the professional world.<br \/>Our specialized course is tailored specifically for working with Movex machinery. This\nparticular course is aimed at technicians and mechanics, as well as rental companies and\nworkshops that work with Movex equipment.<br \/>Join us for a precise and detailed training program that covers everything you need to know\nabout the Movex range of machines.<br \/>We train company professionals with a focus on the technical and mechanical aspects of\nMovex products.<br \/>Our instructors are highly trained and authorized by us as the manufacturer, ensuring you\nreceive top-notch knowledge and insights.<br \/>Once you have acquired and integrated this knowledge, you will be able to develop\nhigh-quality work across all our platforms. Therefore, we prepare you to put everything you\nhave learned into practice.<br \/>Don't miss the opportunity to become a Movex machinery expert! Enroll today and take your\ntechnical skills to the next level.<\/p><\/div>\n\t\t\t\t<\/div>\n\t\t\t\t\t\t\t\t<\/div>\n\t\t\t\t\t\t<\/div>\n\t\t\t\t<\/div>\n\t\t\t\t<\/div>\n\t\t<div class=\"elementor-element elementor-element-2719ef2 e-con-full e-flex e-con e-child\" data-id=\"2719ef2\" data-element_type=\"container\" data-e-type=\"container\" data-settings=\"{&quot;background_background&quot;:&quot;classic&quot;}\">\n\t\t\t\t<div class=\"elementor-element elementor-element-83b5252 elementor-widget elementor-widget-heading\" data-id=\"83b5252\" data-element_type=\"widget\" data-e-type=\"widget\" data-widget_type=\"heading.default\">\n\t\t\t\t<div class=\"elementor-widget-container\">\n\t\t\t\t\t<h2 class=\"elementor-heading-title elementor-size-default\">IPAF Aerial Work Platform Operator Training \u2013 UNE 58923 Standard<\/h2>\t\t\t\t<\/div>\n\t\t\t\t<\/div>\n\t\t\t\t<div class=\"elementor-element elementor-element-d110c6e elementor-widget elementor-widget-text-editor\" data-id=\"d110c6e\" data-element_type=\"widget\" data-e-type=\"widget\" data-widget_type=\"text-editor.default\">\n\t\t\t\t<div class=\"elementor-widget-container\">\n\t\t\t\t\t\t\t\t\t<p>Training aimed at workers who, as part of their professional activity, use Mobile Elevating\nWork Platforms for work at height. Get trained on truck-mounted platforms, articulated boom\nlifts, single-person lifts, scissor lifts, etc.<\/p>\t\t\t\t\t\t\t\t<\/div>\n\t\t\t\t<\/div>\n\t\t\t\t<div class=\"elementor-element elementor-element-1977a75 elementor-widget__width-initial elementor-widget elementor-widget-accordion\" data-id=\"1977a75\" data-element_type=\"widget\" data-e-type=\"widget\" data-widget_type=\"accordion.default\">\n\t\t\t\t<div class=\"elementor-widget-container\">\n\t\t\t\t\t\t\t<div class=\"elementor-accordion\">\n\t\t\t\t\t\t\t<div class=\"elementor-accordion-item\">\n\t\t\t\t\t<div id=\"elementor-tab-title-2671\" class=\"elementor-tab-title\" data-tab=\"1\" role=\"button\" aria-controls=\"elementor-tab-content-2671\" aria-expanded=\"false\">\n\t\t\t\t\t\t\t\t\t\t\t\t<a class=\"elementor-accordion-title\" tabindex=\"0\"><\/a>\n\t\t\t\t\t<\/div>\n\t\t\t\t\t<div id=\"elementor-tab-content-2671\" class=\"elementor-tab-content elementor-clearfix\" data-tab=\"1\" role=\"region\" aria-labelledby=\"elementor-tab-title-2671\"><\/div>\n\t\t\t\t<\/div>\n\t\t\t\t\t\t\t<div class=\"elementor-accordion-item\">\n\t\t\t\t\t<div id=\"elementor-tab-title-2672\" class=\"elementor-tab-title\" data-tab=\"2\" role=\"button\" aria-controls=\"elementor-tab-content-2672\" aria-expanded=\"false\">\n\t\t\t\t\t\t\t\t\t\t\t\t<a class=\"elementor-accordion-title\" tabindex=\"0\">SEE MORE<\/a>\n\t\t\t\t\t<\/div>\n\t\t\t\t\t<div id=\"elementor-tab-content-2672\" class=\"elementor-tab-content elementor-clearfix\" data-tab=\"2\" role=\"region\" aria-labelledby=\"elementor-tab-title-2672\"><p><strong>\u00bfDo you want to improve your knowledge and grow professionally?<\/strong><\/p><p>At Movex we offer IPAF courses so you can learn to operate aerial platforms safely and\nefficiently<br \/>With our certified training program, you will receive a license to operate, a PAL card and a\nrecognized certification in accordance with the UNE 58923 standard and current legislation\nRD 1215\/97.<br \/>Our training is approved by IPAF, which guarantees that you will receive top-quality training\ndelivered by our highly qualified instructors.<br \/>The training is divided into two parts: a theoretical part and a practical part. The theoretical\ntraining is expected to last approximately four hours, as is the practical part, during which the\noperators are evaluated simultaneously.\u00a0<br \/>In the first part, we will work on the correct use of a MEWP, the safety rules to follow and\napplicable rules for use, handling and maintenance (recommended PPE, equipment for work\nsignaling, etc.).<br \/>You will also have the opportunity to learn and receive advice on how to use a MEWP and,\nabove all, what to take into account such as wind, electricity, etc.<br \/>In contrast, the practical part is carried out on the MEWP (Mobile Elevating Work Platform)\non which the course is based. We teach the operator to understand the type of equipment\nthey are using: where the safety systems are located, how to proceed in case of a\nbreakdown or emergency, how to position the MEWP, how to check the terrain and\nprecautions to take when positioning the equipment, how to check the equipment before use\n(for oil leaks, structural damage, or other types of damage) and how to act if any anomalies\nare found, the correct operation of the controls for both the basket and the turret, and tips on\nthe use and operation of the equipment.<br \/>Don't miss this opportunity to advance your career and stay up-to-date with the latest\nindustry practices \u00a1Enroll now and gain the knowledge and skills needed to excel in the world\nof elevated staffing platforms!<\/p><\/div>\n\t\t\t\t<\/div>\n\t\t\t\t\t\t\t\t<\/div>\n\t\t\t\t\t\t<\/div>\n\t\t\t\t<\/div>\n\t\t\t\t<\/div>\n\t\t\t\t\t<\/div>\n\t\t\t\t<\/div>\n\t\t<div class=\"elementor-element elementor-element-2632419 e-flex e-con-boxed e-con e-parent\" data-id=\"2632419\" data-element_type=\"container\" data-e-type=\"container\">\n\t\t\t\t\t<div class=\"e-con-inner\">\n\t\t\t\t<div class=\"elementor-element elementor-element-93740ae elementor-widget elementor-widget-shortcode\" data-id=\"93740ae\" data-element_type=\"widget\" data-e-type=\"widget\" data-widget_type=\"shortcode.default\">\n\t\t\t\t<div class=\"elementor-widget-container\">\n\t\t\t\t\t\t\t<div class=\"elementor-shortcode\"><script>\njQuery(document).ready(function($) {\nvar delay = 100; setTimeout(function() {\n$('.elementor-tab-title').removeClass('elementor-active');\n $('.elementor-tab-content').css('display', 'none'); }, delay);\n});\n<\/script><\/div>\n\t\t\t\t\t\t<\/div>\n\t\t\t\t<\/div>\n\t\t\t\t\t<\/div>\n\t\t\t\t<\/div>\n\t\t<div class=\"elementor-element elementor-element-45d8d74 e-con-full e-flex e-con e-parent\" data-id=\"45d8d74\" data-element_type=\"container\" data-e-type=\"container\" data-settings=\"{&quot;background_background&quot;:&quot;classic&quot;}\">\n\t\t<div class=\"elementor-element elementor-element-9caaf52 e-con-full e-flex e-con e-child\" data-id=\"9caaf52\" data-element_type=\"container\" data-e-type=\"container\">\n\t\t\t\t<div class=\"elementor-element elementor-element-b4ea4ed elementor-widget elementor-widget-heading\" data-id=\"b4ea4ed\" data-element_type=\"widget\" data-e-type=\"widget\" data-widget_type=\"heading.default\">\n\t\t\t\t<div class=\"elementor-widget-container\">\n\t\t\t\t\t<h2 class=\"elementor-heading-title elementor-size-default\">\u00bfWhy Movex Lift?<\/h2>\t\t\t\t<\/div>\n\t\t\t\t<\/div>\n\t\t\t\t<\/div>\n\t\t<div class=\"elementor-element elementor-element-91b91b7 e-con-full e-flex e-con e-child\" data-id=\"91b91b7\" data-element_type=\"container\" data-e-type=\"container\">\n\t\t\t\t<div class=\"elementor-element elementor-element-f2e959a elementor-widget elementor-widget-text-editor\" data-id=\"f2e959a\" data-element_type=\"widget\" data-e-type=\"widget\" data-widget_type=\"text-editor.default\">\n\t\t\t\t<div class=\"elementor-widget-container\">\n\t\t\t\t\t\t\t\t\t<p>We are specialists in equipment for working at height. In addition to being manufacturers,\nwe also offer training to professionals in the aerial work platform sector.<\/p><p>Our headquarters in Barcelona has a training room perfect for teaching classes, as well as\nthe necessary machinery\u00a0<br \/>With over 60 years of experience in the sector, we train clients, partner workshops, and\noperators. Our professionalism and experience are what make our clients, employees,\ninvestors, and partners trust us.<\/p>\t\t\t\t\t\t\t\t<\/div>\n\t\t\t\t<\/div>\n\t\t\t\t<\/div>\n\t\t\t\t<\/div>\n\t\t<div class=\"elementor-element elementor-element-3add1b4 e-flex e-con-boxed e-con e-parent\" data-id=\"3add1b4\" data-element_type=\"container\" data-e-type=\"container\">\n\t\t\t\t\t<div class=\"e-con-inner\">\n\t\t\t\t<div class=\"elementor-element elementor-element-73d0cde elementor-widget elementor-widget-heading\" data-id=\"73d0cde\" data-element_type=\"widget\" data-e-type=\"widget\" data-widget_type=\"heading.default\">\n\t\t\t\t<div class=\"elementor-widget-container\">\n\t\t\t\t\t<h2 class=\"elementor-heading-title elementor-size-default\">\u00a1Choose Movex to build your team!<\/h2>\t\t\t\t<\/div>\n\t\t\t\t<\/div>\n\t\t\t\t<div class=\"elementor-element elementor-element-efdc768 elementor-widget elementor-widget-html\" data-id=\"efdc768\" data-element_type=\"widget\" data-e-type=\"widget\" data-widget_type=\"html.default\">\n\t\t\t\t<div class=\"elementor-widget-container\">\n\t\t\t\t\t<script charset=\"utf-8\" type=\"text\/javascript\" src=\"\/\/js.hsforms.net\/forms\/embed\/v2.js\"><\/script>\r\n<script>\r\n  \/\/ Detectamos el idioma del sitio (basado en la etiqueta <html lang=\"...\">)\r\n  var lang = document.documentElement.lang;\r\n  \r\n  \/\/ Por defecto usamos el ID de Espa\u00f1ol\r\n  var currentFormId = \"98d312f8-7336-4a49-958c-ca813f73b7c5\";\r\n\r\n  \/\/ Si el idioma es ingl\u00e9s (en-US, en-GB, etc.), cambiamos al ID de Ingl\u00e9s\r\n  if (lang.includes('en')) {\r\n    currentFormId = \"bd513639-db0b-4e01-ba1d-77124a656212\";\r\n  }\r\n\r\n  hbspt.forms.create({\r\n    portalId: \"9012660\",\r\n    formId: currentFormId,\r\n    region: \"na1\"\r\n  });\r\n<\/script>\t\t\t\t<\/div>\n\t\t\t\t<\/div>\n\t\t\t\t\t<\/div>\n\t\t\t\t<\/div>\n\t\t\t\t<\/div>","protected":false},"excerpt":{"rendered":"<p>FORMACI\u00d3N DESARROLLO DE TALENTO Y FORMACI\u00d3N En Movex formamos a los mejores profesionales del sector de las plataformas elevadoras. Ayudamos a nuestros clientes y operarios a aumentar sus conocimientos y a ponerlos en pr\u00e1ctica. Gracias a la formaci\u00f3n contribuimos a su desarrollo profesional y conocimientos a trav\u00e9s de formaciones te\u00f3ricas y pr\u00e1cticas. Cursos T\u00e9cnicos Plataformas &hellip;<\/p>\n<p class=\"read-more\"> <a class=\"\" href=\"https:\/\/movex2023.nuevawebactual.es\/en\/formacion\/\"> <span class=\"screen-reader-text\">Training<\/span> Read More &raquo;<\/a><\/p>","protected":false},"author":1,"featured_media":0,"parent":0,"menu_order":0,"comment_status":"closed","ping_status":"closed","template":"elementor_header_footer","meta":{"site-sidebar-layout":"no-sidebar","site-content-layout":"","ast-site-content-layout":"full-width-container","site-content-style":"default","site-sidebar-style":"default","ast-global-header-display":"","ast-banner-title-visibility":"","ast-main-header-display":"","ast-hfb-above-header-display":"","ast-hfb-below-header-display":"","ast-hfb-mobile-header-display":"","site-post-title":"disabled","ast-breadcrumbs-content":"","ast-featured-img":"disabled","footer-sml-layout":"","theme-transparent-header-meta":"","adv-header-id-meta":"","stick-header-meta":"","header-above-stick-meta":"","header-main-stick-meta":"","header-below-stick-meta":"","astra-migrate-meta-layouts":"","footnotes":""},"class_list":["post-266","page","type-page","status-publish","hentry"],"rttpg_featured_image_url":null,"rttpg_author":{"display_name":"DeveloperActu@l23","author_link":"https:\/\/movex2023.nuevawebactual.es\/en\/author\/developeractul23\/"},"rttpg_comment":0,"rttpg_category":null,"rttpg_excerpt":"FORMACI\u00d3N DESARROLLO DE TALENTO Y FORMACI\u00d3N En Movex formamos a los mejores profesionales del sector de las plataformas elevadoras. Ayudamos a nuestros clientes y operarios a aumentar sus conocimientos y a ponerlos en pr\u00e1ctica. Gracias a la formaci\u00f3n contribuimos a su desarrollo profesional y conocimientos a trav\u00e9s de formaciones te\u00f3ricas y pr\u00e1cticas. Cursos T\u00e9cnicos Plataformas&hellip;","_links":{"self":[{"href":"https:\/\/movex2023.nuevawebactual.es\/en\/wp-json\/wp\/v2\/pages\/266","targetHints":{"allow":["GET"]}}],"collection":[{"href":"https:\/\/movex2023.nuevawebactual.es\/en\/wp-json\/wp\/v2\/pages"}],"about":[{"href":"https:\/\/movex2023.nuevawebactual.es\/en\/wp-json\/wp\/v2\/types\/page"}],"author":[{"embeddable":true,"href":"https:\/\/movex2023.nuevawebactual.es\/en\/wp-json\/wp\/v2\/users\/1"}],"replies":[{"embeddable":true,"href":"https:\/\/movex2023.nuevawebactual.es\/en\/wp-json\/wp\/v2\/comments?post=266"}],"version-history":[{"count":91,"href":"https:\/\/movex2023.nuevawebactual.es\/en\/wp-json\/wp\/v2\/pages\/266\/revisions"}],"predecessor-version":[{"id":1557,"href":"https:\/\/movex2023.nuevawebactual.es\/en\/wp-json\/wp\/v2\/pages\/266\/revisions\/1557"}],"wp:attachment":[{"href":"https:\/\/movex2023.nuevawebactual.es\/en\/wp-json\/wp\/v2\/media?parent=266"}],"curies":[{"name":"wp","href":"https:\/\/api.w.org\/{rel}","templated":true}]}}