{"id":1163,"date":"2026-01-28T12:44:56","date_gmt":"2026-01-28T11:44:56","guid":{"rendered":"https:\/\/movex2023.nuevawebactual.es\/?page_id=1163"},"modified":"2026-03-06T09:42:28","modified_gmt":"2026-03-06T08:42:28","slug":"distribucion-internacional","status":"publish","type":"page","link":"https:\/\/movex2023.nuevawebactual.es\/en\/distribucion-internacional\/","title":{"rendered":"International Distribution"},"content":{"rendered":"<div data-elementor-type=\"wp-page\" data-elementor-id=\"1163\" class=\"elementor elementor-1163\">\n\t\t\t\t<div class=\"elementor-element elementor-element-add71e5 e-flex e-con-boxed e-con e-parent\" data-id=\"add71e5\" data-element_type=\"container\" data-e-type=\"container\" data-settings=\"{&quot;background_background&quot;:&quot;classic&quot;}\">\n\t\t\t\t\t<div class=\"e-con-inner\">\n\t\t\t\t<div class=\"elementor-element elementor-element-50a36b2 elementor-widget elementor-widget-heading\" data-id=\"50a36b2\" data-element_type=\"widget\" data-e-type=\"widget\" data-widget_type=\"heading.default\">\n\t\t\t\t<div class=\"elementor-widget-container\">\n\t\t\t\t\t<h2 class=\"elementor-heading-title elementor-size-default\">INTERNATIONAL DISTRIBUTION<\/h2>\t\t\t\t<\/div>\n\t\t\t\t<\/div>\n\t\t\t\t\t<\/div>\n\t\t\t\t<\/div>\n\t\t<div class=\"elementor-element elementor-element-b30f18c e-flex e-con-boxed e-con e-parent\" data-id=\"b30f18c\" data-element_type=\"container\" data-e-type=\"container\">\n\t\t\t\t\t<div class=\"e-con-inner\">\n\t\t\t\t<div class=\"elementor-element elementor-element-2e5fd6a elementor-widget elementor-widget-text-editor\" data-id=\"2e5fd6a\" data-element_type=\"widget\" data-e-type=\"widget\" data-widget_type=\"text-editor.default\">\n\t\t\t\t<div class=\"elementor-widget-container\">\n\t\t\t\t\t\t\t\t\t<h3 data-path-to-node=\"3\"><b data-path-to-node=\"3\" data-index-in-node=\"0\">EUROPE<\/b><\/h3><h4 data-path-to-node=\"4\"><b data-path-to-node=\"4\" data-index-in-node=\"0\">Germany<\/b><\/h4><ul data-path-to-node=\"5\"><li><p data-path-to-node=\"5,0,0\"><b data-path-to-node=\"5,0,0\" data-index-in-node=\"0\">Ruthmann Holdings GmbH<\/b><\/p><ul data-path-to-node=\"5,0,1\"><li><p data-path-to-node=\"5,0,1,0,0\"><b data-path-to-node=\"5,0,1,0,0\" data-index-in-node=\"0\">Address:<\/b> Ruthmannstra\u00dfe 4, 48712 Gescher<\/p><\/li><li><p data-path-to-node=\"5,0,1,1,0\"><b data-path-to-node=\"5,0,1,1,0\" data-index-in-node=\"0\">Contact:<\/b> Viktoria Heinze<\/p><\/li><li><p data-path-to-node=\"5,0,1,2,0\"><b data-path-to-node=\"5,0,1,2,0\" data-index-in-node=\"0\">Telephone:<\/b> +49 (0) 2863 204 248<\/p><\/li><li><p data-path-to-node=\"5,0,1,3,0\"><b data-path-to-node=\"5,0,1,3,0\" data-index-in-node=\"0\">Email:<\/b> viktoria.heinze@ruthmann.de<\/p><\/li><li><p data-path-to-node=\"5,0,1,4,0\"><b data-path-to-node=\"5,0,1,4,0\" data-index-in-node=\"0\">Web:<\/b> www.ruthmann.de<\/p><\/li><\/ul><\/li><\/ul><h4 data-path-to-node=\"6\"><b data-path-to-node=\"6\" data-index-in-node=\"0\">Austria<\/b><\/h4><ul data-path-to-node=\"7\"><li><p data-path-to-node=\"7,0,0\"><b data-path-to-node=\"7,0,0\" data-index-in-node=\"0\">Ruthmann GmbH<\/b><\/p><ul data-path-to-node=\"7,0,1\"><li><p data-path-to-node=\"7,0,1,0,0\"><b data-path-to-node=\"7,0,1,0,0\" data-index-in-node=\"0\">Address:<\/b> Gewerbeparkstra\u00dfe 3, 8143 Dobl\/Graz<\/p><\/li><li><p data-path-to-node=\"7,0,1,1,0\"><b data-path-to-node=\"7,0,1,1,0\" data-index-in-node=\"0\">Contact:<\/b> Bernhard Reinisch<\/p><\/li><li><p data-path-to-node=\"7,0,1,2,0\"><b data-path-to-node=\"7,0,1,2,0\" data-index-in-node=\"0\">Telephone:<\/b> +43 664 2246422<\/p><\/li><\/ul><\/li><\/ul><h4 data-path-to-node=\"8\"><b data-path-to-node=\"8\" data-index-in-node=\"0\">Bulgaria<\/b><\/h4><ul data-path-to-node=\"9\"><li><p data-path-to-node=\"9,0,0\"><b data-path-to-node=\"9,0,0\" data-index-in-node=\"0\">BULACCESS Ltd.<\/b><\/p><ul data-path-to-node=\"9,0,1\"><li><p data-path-to-node=\"9,0,1,0,0\"><b data-path-to-node=\"9,0,1,0,0\" data-index-in-node=\"0\">Address:<\/b> Myunchen 14, 1528 Sofia<\/p><\/li><li><p data-path-to-node=\"9,0,1,1,0\"><b data-path-to-node=\"9,0,1,1,0\" data-index-in-node=\"0\">Contact:<\/b> Sava Dimitrov<\/p><\/li><li><p data-path-to-node=\"9,0,1,2,0\"><b data-path-to-node=\"9,0,1,2,0\" data-index-in-node=\"0\">Telephone:<\/b> +359 2 973 27 98<\/p><\/li><li><p data-path-to-node=\"9,0,1,3,0\"><b data-path-to-node=\"9,0,1,3,0\" data-index-in-node=\"0\">Email:<\/b> sava.bulaccess@gmail.com<\/p><\/li><li><p data-path-to-node=\"9,0,1,4,0\"><b data-path-to-node=\"9,0,1,4,0\" data-index-in-node=\"0\">Web:<\/b> www.bulaccess.bg<\/p><\/li><\/ul><\/li><\/ul><h4 data-path-to-node=\"10\"><b data-path-to-node=\"10\" data-index-in-node=\"0\">Denmark<\/b><\/h4><ul data-path-to-node=\"11\"><li><p data-path-to-node=\"11,0,0\"><b data-path-to-node=\"11,0,0\" data-index-in-node=\"0\">Versalift Denmark<\/b><\/p><ul data-path-to-node=\"11,0,1\"><li><p data-path-to-node=\"11,0,1,0,0\"><b data-path-to-node=\"11,0,1,0,0\" data-index-in-node=\"0\">Address:<\/b> Sondervang 3 DK-9460, Farso<\/p><\/li><li><p data-path-to-node=\"11,0,1,1,0\"><b data-path-to-node=\"11,0,1,1,0\" data-index-in-node=\"0\">Contact:<\/b> Jesper Krogh Jensen<\/p><\/li><li><p data-path-to-node=\"11,0,1,2,0\"><b data-path-to-node=\"11,0,1,2,0\" data-index-in-node=\"0\">Telephone:<\/b> +45 2890 7953<\/p><\/li><li><p data-path-to-node=\"11,0,1,3,0\"><b data-path-to-node=\"11,0,1,3,0\" data-index-in-node=\"0\">Email:<\/b> jesperkj@versalift.dk<\/p><\/li><li><p data-path-to-node=\"11,0,1,4,0\"><b data-path-to-node=\"11,0,1,4,0\" data-index-in-node=\"0\">Web:<\/b> www.versalift.dk<\/p><\/li><\/ul><\/li><\/ul><h4 data-path-to-node=\"12\"><b data-path-to-node=\"12\" data-index-in-node=\"0\">Ireland<\/b><\/h4><ul data-path-to-node=\"13\"><li><p data-path-to-node=\"13,0,0\"><b data-path-to-node=\"13,0,0\" data-index-in-node=\"0\">Versalift Ireland Limited<\/b><\/p><ul data-path-to-node=\"13,0,1\"><li><p data-path-to-node=\"13,0,1,0,0\"><b data-path-to-node=\"13,0,1,0,0\" data-index-in-node=\"0\">Address:<\/b> Unit 55, Broomhill Drive, Tallaght, Dublin 24<\/p><\/li><li><p data-path-to-node=\"13,0,1,1,0\"><b data-path-to-node=\"13,0,1,1,0\" data-index-in-node=\"0\">Telephone:<\/b> 0818 021 092<\/p><\/li><li><p data-path-to-node=\"13,0,1,2,0\"><b data-path-to-node=\"13,0,1,2,0\" data-index-in-node=\"0\">Email:<\/b> sales@versalift.ie<\/p><\/li><\/ul><\/li><\/ul><h4 data-path-to-node=\"14\"><b data-path-to-node=\"14\" data-index-in-node=\"0\">Malta<\/b><\/h4><ul data-path-to-node=\"15\"><li><p data-path-to-node=\"15,0,0\"><b data-path-to-node=\"15,0,0\" data-index-in-node=\"0\">SR Services<\/b><\/p><ul data-path-to-node=\"15,0,1\"><li><p data-path-to-node=\"15,0,1,0,0\"><b data-path-to-node=\"15,0,1,0,0\" data-index-in-node=\"0\">Address:<\/b> 29\/5 Roebuck Mansions, Fort Road, Mosta, MST 1853<\/p><\/li><li><p data-path-to-node=\"15,0,1,1,0\"><b data-path-to-node=\"15,0,1,1,0\" data-index-in-node=\"0\">Contact:<\/b> Ray Muscat<\/p><\/li><li><p data-path-to-node=\"15,0,1,2,0\"><b data-path-to-node=\"15,0,1,2,0\" data-index-in-node=\"0\">Telephone:<\/b> +356 2133 1136<\/p><\/li><li><p data-path-to-node=\"15,0,1,3,0\"><b data-path-to-node=\"15,0,1,3,0\" data-index-in-node=\"0\">Email:<\/b> sales@srgroup.com.mt<\/p><\/li><li><p data-path-to-node=\"15,0,1,4,0\"><b data-path-to-node=\"15,0,1,4,0\" data-index-in-node=\"0\">Web:<\/b> <a class=\"ng-star-inserted\" href=\"https:\/\/www.srgroup.com\" target=\"_blank\" rel=\"noopener\">www.srgroup.com<\/a>.mt<\/p><\/li><\/ul><\/li><\/ul><h4 data-path-to-node=\"16\"><b data-path-to-node=\"16\" data-index-in-node=\"0\">Norway<\/b><\/h4><ul data-path-to-node=\"17\"><li><p data-path-to-node=\"17,0,0\"><b data-path-to-node=\"17,0,0\" data-index-in-node=\"0\">Versalift Norge AS<\/b><\/p><ul data-path-to-node=\"17,0,1\"><li><p data-path-to-node=\"17,0,1,0,0\"><b data-path-to-node=\"17,0,1,0,0\" data-index-in-node=\"0\">Address:<\/b> Industriomr\u00e5de Gran 9, 1860 Tr\u00f8gstad<\/p><\/li><li><p data-path-to-node=\"17,0,1,1,0\"><b data-path-to-node=\"17,0,1,1,0\" data-index-in-node=\"0\">Contact:<\/b> Arne Jorgensen<\/p><\/li><li><p data-path-to-node=\"17,0,1,2,0\"><b data-path-to-node=\"17,0,1,2,0\" data-index-in-node=\"0\">Telephone:<\/b> +47 691 09 169<\/p><\/li><li><p data-path-to-node=\"17,0,1,3,0\"><b data-path-to-node=\"17,0,1,3,0\" data-index-in-node=\"0\">Email:<\/b> arnej@versalift.no<\/p><\/li><li><p data-path-to-node=\"17,0,1,4,0\"><b data-path-to-node=\"17,0,1,4,0\" data-index-in-node=\"0\">Web:<\/b> www.versalift.no<\/p><\/li><\/ul><\/li><\/ul><h4 data-path-to-node=\"18\"><b data-path-to-node=\"18\" data-index-in-node=\"0\">Portugal<\/b><\/h4><ul data-path-to-node=\"19\"><li><p data-path-to-node=\"19,0,0\"><b data-path-to-node=\"19,0,0\" data-index-in-node=\"0\">ALMOVI<\/b><\/p><ul data-path-to-node=\"19,0,1\"><li><p data-path-to-node=\"19,0,1,0,0\"><b data-path-to-node=\"19,0,1,0,0\" data-index-in-node=\"0\">Address:<\/b> Edificio Mical, Estrada de Manique \u2013 1896, 2649-502 Alcabideche<\/p><\/li><li><p data-path-to-node=\"19,0,1,1,0\"><b data-path-to-node=\"19,0,1,1,0\" data-index-in-node=\"0\">Contact:<\/b> Pedro Monteiro<\/p><\/li><li><p data-path-to-node=\"19,0,1,2,0\"><b data-path-to-node=\"19,0,1,2,0\" data-index-in-node=\"0\">Telephone:<\/b> +351 21 469 03 41<\/p><\/li><li><p data-path-to-node=\"19,0,1,3,0\"><b data-path-to-node=\"19,0,1,3,0\" data-index-in-node=\"0\">Email:<\/b> pmonteiro@almovi.pt<\/p><\/li><li><p data-path-to-node=\"19,0,1,4,0\"><b data-path-to-node=\"19,0,1,4,0\" data-index-in-node=\"0\">Web:<\/b> www.almovi.pt<\/p><\/li><\/ul><\/li><li><p data-path-to-node=\"19,1,0\"><b data-path-to-node=\"19,1,0\" data-index-in-node=\"0\">GRUMAN (Carlos Santos)<\/b><\/p><ul data-path-to-node=\"19,1,1\"><li><p data-path-to-node=\"19,1,1,0,0\"><b data-path-to-node=\"19,1,1,0,0\" data-index-in-node=\"0\">Address:<\/b> Zona Industrial do Salgueiro, Lote 14, 3530-259 Mangualde<\/p><\/li><li><p data-path-to-node=\"19,1,1,1,0\"><b data-path-to-node=\"19,1,1,1,0\" data-index-in-node=\"0\">Telephone:<\/b> +351 932 721 196 \/ +351 232 619 860<\/p><\/li><li><p data-path-to-node=\"19,1,1,2,0\"><b data-path-to-node=\"19,1,1,2,0\" data-index-in-node=\"0\">Email:<\/b> carlos.santos@gruman.com<\/p><\/li><li><p data-path-to-node=\"19,1,1,3,0\"><b data-path-to-node=\"19,1,1,3,0\" data-index-in-node=\"0\">Web:<\/b> <a class=\"ng-star-inserted\" href=\"https:\/\/www.gruman.com\" target=\"_blank\" rel=\"noopener\">www.gruman.com<\/a><\/p><\/li><\/ul><\/li><\/ul><h4 data-path-to-node=\"20\"><b data-path-to-node=\"20\" data-index-in-node=\"0\">United Kingdom<\/b><\/h4><ul data-path-to-node=\"21\"><li><p data-path-to-node=\"21,0,0\"><b data-path-to-node=\"21,0,0\" data-index-in-node=\"0\">Versalift United Kingdom Limited<\/b><\/p><ul data-path-to-node=\"21,0,1\"><li><p data-path-to-node=\"21,0,1,0,0\"><b data-path-to-node=\"21,0,1,0,0\" data-index-in-node=\"0\">Address:<\/b> 1 Altendiez Way, Latimer Park, Burton Latimer, Kettering, Northants, NN15 5YT<\/p><\/li><li><p data-path-to-node=\"21,0,1,1,0\"><b data-path-to-node=\"21,0,1,1,0\" data-index-in-node=\"0\">Telephone:<\/b> +44 (0) 1536 721010<\/p><\/li><li><p data-path-to-node=\"21,0,1,2,0\"><b data-path-to-node=\"21,0,1,2,0\" data-index-in-node=\"0\">Email:<\/b> sales@versalift.co.uk<\/p><\/li><\/ul><\/li><\/ul><h4 data-path-to-node=\"22\"><b data-path-to-node=\"22\" data-index-in-node=\"0\">Romania<\/b><\/h4><ul data-path-to-node=\"23\"><li><p data-path-to-node=\"23,0,0\"><b data-path-to-node=\"23,0,0\" data-index-in-node=\"0\">HIAROM Invest Srl<\/b><\/p><ul data-path-to-node=\"23,0,1\"><li><p data-path-to-node=\"23,0,1,0,0\"><b data-path-to-node=\"23,0,1,0,0\" data-index-in-node=\"0\">Address:<\/b> Comuna Dragomiresti \u2013 Vale, Strada Macesului, Nr. 8 \u2013 ILFOV<\/p><\/li><li><p data-path-to-node=\"23,0,1,1,0\"><b data-path-to-node=\"23,0,1,1,0\" data-index-in-node=\"0\">Contacts:<\/b> Catalin Dragomir (General Manager) \/ George Mladin (Area Sales Manager)<\/p><\/li><li><p data-path-to-node=\"23,0,1,2,0\"><b data-path-to-node=\"23,0,1,2,0\" data-index-in-node=\"0\">Telephone:<\/b> +40 318.053.890<\/p><\/li><li><p data-path-to-node=\"23,0,1,3,0\"><b data-path-to-node=\"23,0,1,3,0\" data-index-in-node=\"0\">Email:<\/b> c.dragomir@hiarom.ro \/ g.mladin@hiarom.ro<\/p><\/li><li><p data-path-to-node=\"23,0,1,4,0\"><b data-path-to-node=\"23,0,1,4,0\" data-index-in-node=\"0\">Web:<\/b> www.hiarom.ro<\/p><\/li><\/ul><\/li><\/ul><h4 data-path-to-node=\"24\"><b data-path-to-node=\"24\" data-index-in-node=\"0\">Sweden<\/b><\/h4><ul data-path-to-node=\"25\"><li><p data-path-to-node=\"25,0,0\"><b data-path-to-node=\"25,0,0\" data-index-in-node=\"0\">Versalift Sweden AB<\/b><\/p><ul data-path-to-node=\"25,0,1\"><li><p data-path-to-node=\"25,0,1,0,0\"><b data-path-to-node=\"25,0,1,0,0\" data-index-in-node=\"0\">Address:<\/b> Servicev\u00e4gen 45 311 32 Falkenberg<\/p><\/li><li><p data-path-to-node=\"25,0,1,1,0\"><b data-path-to-node=\"25,0,1,1,0\" data-index-in-node=\"0\">Contact:<\/b> Axel Rask<\/p><\/li><li><p data-path-to-node=\"25,0,1,2,0\"><b data-path-to-node=\"25,0,1,2,0\" data-index-in-node=\"0\">Telephone:<\/b> +46 700 525 123<\/p><\/li><li><p data-path-to-node=\"25,0,1,3,0\"><b data-path-to-node=\"25,0,1,3,0\" data-index-in-node=\"0\">Email:<\/b> axelr@versalift.dk<\/p><\/li><li><p data-path-to-node=\"25,0,1,4,0\"><b data-path-to-node=\"25,0,1,4,0\" data-index-in-node=\"0\">Web:<\/b> www.versalift.se<\/p><\/li><\/ul><\/li><\/ul><h4 data-path-to-node=\"26\"><b data-path-to-node=\"26\" data-index-in-node=\"0\">Suiza<\/b><\/h4><ul data-path-to-node=\"27\"><li><p data-path-to-node=\"27,0,0\"><b data-path-to-node=\"27,0,0\" data-index-in-node=\"0\">Ruthmann Schweiz AG<\/b><\/p><ul data-path-to-node=\"27,0,1\"><li><p data-path-to-node=\"27,0,1,0,0\"><b data-path-to-node=\"27,0,1,0,0\" data-index-in-node=\"0\">Address:<\/b> Steinackerstrasse 57, 8302 Kloten<\/p><\/li><li><p data-path-to-node=\"27,0,1,1,0\"><b data-path-to-node=\"27,0,1,1,0\" data-index-in-node=\"0\">Contact:<\/b> Roger L\u00f6hrer<\/p><\/li><li><p data-path-to-node=\"27,0,1,2,0\"><b data-path-to-node=\"27,0,1,2,0\" data-index-in-node=\"0\">Telephone:<\/b> +41 43 255 42 00<\/p><\/li><li><p data-path-to-node=\"27,0,1,3,0\"><b data-path-to-node=\"27,0,1,3,0\" data-index-in-node=\"0\">Email:<\/b> Roger.Loehrer@ruthmann-schweiz.ch<\/p><\/li><li><p data-path-to-node=\"27,0,1,4,0\"><b data-path-to-node=\"27,0,1,4,0\" data-index-in-node=\"0\">Web:<\/b> www.ruthmann-schweiz.ch<\/p><\/li><\/ul><\/li><\/ul><hr data-path-to-node=\"28\" \/><h3 data-path-to-node=\"29\"><b data-path-to-node=\"29\" data-index-in-node=\"0\">MIDDLE EAST<\/b><\/h3><h4 data-path-to-node=\"30\"><b data-path-to-node=\"30\" data-index-in-node=\"0\">United Arab Emirates (GCC Countries)<\/b><\/h4><ul data-path-to-node=\"31\"><li><p data-path-to-node=\"31,0,0\"><b data-path-to-node=\"31,0,0\" data-index-in-node=\"0\">Thor Middle East LLC (Al Shirawi Group)<\/b><\/p><ul data-path-to-node=\"31,0,1\"><li><p data-path-to-node=\"31,0,1,0,0\"><b data-path-to-node=\"31,0,1,0,0\" data-index-in-node=\"0\">Note:<\/b> Also responsible for Oman, Qatar, Iraq, Kuwait, Saudi Arabia and Bahrein.<\/p><\/li><li><p data-path-to-node=\"31,0,1,1,0\"><b data-path-to-node=\"31,0,1,1,0\" data-index-in-node=\"0\">Address:<\/b> Al Quoz Industrial Area 3, Street No 6A, Dubai<\/p><\/li><li><p data-path-to-node=\"31,0,1,2,0\"><b data-path-to-node=\"31,0,1,2,0\" data-index-in-node=\"0\">Contact:<\/b> Kelum Weerakkody<\/p><\/li><li><p data-path-to-node=\"31,0,1,3,0\"><b data-path-to-node=\"31,0,1,3,0\" data-index-in-node=\"0\">Telephone:<\/b> (+971) 4 338 77 94<\/p><\/li><li><p data-path-to-node=\"31,0,1,4,0\"><b data-path-to-node=\"31,0,1,4,0\" data-index-in-node=\"0\">Email:<\/b> kelum@thormidleeast.com<\/p><\/li><li><p data-path-to-node=\"31,0,1,5,0\"><b data-path-to-node=\"31,0,1,5,0\" data-index-in-node=\"0\">Web:<\/b> <a class=\"ng-star-inserted\" href=\"https:\/\/www.thormiddleeast.com\" target=\"_blank\" rel=\"noopener\">www.thormiddleeast.com<\/a><\/p><\/li><\/ul><\/li><\/ul><h4 data-path-to-node=\"32\"><b data-path-to-node=\"32\" data-index-in-node=\"0\">Jordan<\/b><\/h4><ul data-path-to-node=\"33\"><li><p data-path-to-node=\"33,0,0\"><b data-path-to-node=\"33,0,0\" data-index-in-node=\"0\">Tawfiq Gargour &amp; Fils L.L.C.<\/b><\/p><ul data-path-to-node=\"33,0,1\"><li><p data-path-to-node=\"33,0,1,0,0\"><b data-path-to-node=\"33,0,1,0,0\" data-index-in-node=\"0\">Address:<\/b> King Abdullah II St. Bldg. 2, P.O. Box 721, Amman 11592<\/p><\/li><li><p data-path-to-node=\"33,0,1,1,0\"><b data-path-to-node=\"33,0,1,1,0\" data-index-in-node=\"0\">Contact:<\/b> Mr. Ismail Muheisen<\/p><\/li><li><p data-path-to-node=\"33,0,1,2,0\"><b data-path-to-node=\"33,0,1,2,0\" data-index-in-node=\"0\">Telephone:<\/b> +962 \u2013 6 416 24 10<\/p><\/li><li><p data-path-to-node=\"33,0,1,3,0\"><b data-path-to-node=\"33,0,1,3,0\" data-index-in-node=\"0\">Email:<\/b> ismail.muheisen@gargour.com.jo<\/p><\/li><li><p data-path-to-node=\"33,0,1,4,0\"><b data-path-to-node=\"33,0,1,4,0\" data-index-in-node=\"0\">Web:<\/b> <a class=\"ng-star-inserted\" href=\"https:\/\/www.tgfusedcv.com\" target=\"_blank\" rel=\"noopener\">https:\/\/www.tgfusedcv.com<\/a><\/p><\/li><\/ul><\/li><\/ul><hr data-path-to-node=\"34\" \/><h3 data-path-to-node=\"35\"><b data-path-to-node=\"35\" data-index-in-node=\"0\">AFRICA<\/b><\/h3><h4 data-path-to-node=\"36\"><b data-path-to-node=\"36\" data-index-in-node=\"0\">South Africa<\/b><\/h4><ul data-path-to-node=\"37\"><li><p data-path-to-node=\"37,0,0\"><b data-path-to-node=\"37,0,0\" data-index-in-node=\"0\">HIAB SA (PTY) LTD.<\/b><\/p><ul data-path-to-node=\"37,0,1\"><li><p data-path-to-node=\"37,0,1,0,0\"><b data-path-to-node=\"37,0,1,0,0\" data-index-in-node=\"0\">Note:<\/b> Also responsible for Namibia, Botswana and Mozambique.<\/p><\/li><li><p data-path-to-node=\"37,0,1,1,0\"><b data-path-to-node=\"37,0,1,1,0\" data-index-in-node=\"0\">Address:<\/b> cnr Forsdick and Aberdein Roads, Roodekop, Germiston<\/p><\/li><li><p data-path-to-node=\"37,0,1,2,0\"><b data-path-to-node=\"37,0,1,2,0\" data-index-in-node=\"0\">Contact:<\/b> Yvette Diedericks<\/p><\/li><li><p data-path-to-node=\"37,0,1,3,0\"><b data-path-to-node=\"37,0,1,3,0\" data-index-in-node=\"0\">Telephone:<\/b> +27 (0) 11 865 1425<\/p><\/li><li><p data-path-to-node=\"37,0,1,4,0\"><b data-path-to-node=\"37,0,1,4,0\" data-index-in-node=\"0\">Email:<\/b> yvette.diedericks@hiup.co.za<\/p><\/li><li><p data-path-to-node=\"37,0,1,5,0\"><b data-path-to-node=\"37,0,1,5,0\" data-index-in-node=\"0\">Web:<\/b> www.hiup.co.za<\/p><\/li><\/ul><\/li><\/ul><h4 data-path-to-node=\"38\"><b data-path-to-node=\"38\" data-index-in-node=\"0\">Kenya<\/b><\/h4><ul data-path-to-node=\"39\"><li><p data-path-to-node=\"39,0,0\"><b data-path-to-node=\"39,0,0\" data-index-in-node=\"0\">Engineering Development Ltd.<\/b><\/p><ul data-path-to-node=\"39,0,1\"><li><p data-path-to-node=\"39,0,1,0,0\"><b data-path-to-node=\"39,0,1,0,0\" data-index-in-node=\"0\">Note:<\/b> Also responsible for Uganda and Tanzania.<\/p><\/li><li><p data-path-to-node=\"39,0,1,1,0\"><b data-path-to-node=\"39,0,1,1,0\" data-index-in-node=\"0\">Address:<\/b> PO Box 59475 \u2013 00200, Nairobi<\/p><\/li><li><p data-path-to-node=\"39,0,1,2,0\"><b data-path-to-node=\"39,0,1,2,0\" data-index-in-node=\"0\">Contact:<\/b> Doron Moshe<\/p><\/li><li><p data-path-to-node=\"39,0,1,3,0\"><b data-path-to-node=\"39,0,1,3,0\" data-index-in-node=\"0\">Telephone:<\/b> 020-6559955 \/ 0733-557764<\/p><\/li><li><p data-path-to-node=\"39,0,1,4,0\"><b data-path-to-node=\"39,0,1,4,0\" data-index-in-node=\"0\">Email:<\/b> dmoshe@ed.co.ke<\/p><\/li><\/ul><\/li><\/ul><hr data-path-to-node=\"40\" \/><h3 data-path-to-node=\"41\"><b data-path-to-node=\"41\" data-index-in-node=\"0\">AM\u00c9RICA DEL SUR<\/b><\/h3><h4 data-path-to-node=\"42\"><b data-path-to-node=\"42\" data-index-in-node=\"0\">Chile<\/b><\/h4><ul data-path-to-node=\"43\"><li><p data-path-to-node=\"43,0,0\"><b data-path-to-node=\"43,0,0\" data-index-in-node=\"0\">IMERCHILE<\/b><\/p><ul data-path-to-node=\"43,0,1\"><li><p data-path-to-node=\"43,0,1,0,0\"><b data-path-to-node=\"43,0,1,0,0\" data-index-in-node=\"0\">Address:<\/b> Barron Vieyra, Sitio 10-A, Colina, Santiago<\/p><\/li><li><p data-path-to-node=\"43,0,1,1,0\"><b data-path-to-node=\"43,0,1,1,0\" data-index-in-node=\"0\">Contact:<\/b> Gustavo Page (Business Manager)<\/p><\/li><li><p data-path-to-node=\"43,0,1,2,0\"><b data-path-to-node=\"43,0,1,2,0\" data-index-in-node=\"0\">Telephone:<\/b> +56 2 2871 5600<\/p><\/li><li><p data-path-to-node=\"43,0,1,3,0\"><b data-path-to-node=\"43,0,1,3,0\" data-index-in-node=\"0\">Web:<\/b> www.imerchile.cl<\/p><\/li><\/ul><\/li><\/ul><hr data-path-to-node=\"44\" \/><h3 data-path-to-node=\"45\"><b data-path-to-node=\"45\" data-index-in-node=\"0\">ASIA<\/b><\/h3><h4 data-path-to-node=\"46\"><b data-path-to-node=\"46\" data-index-in-node=\"0\">Thailand<\/b><\/h4><ul data-path-to-node=\"47\"><li><p data-path-to-node=\"47,0,0\"><b data-path-to-node=\"47,0,0\" data-index-in-node=\"0\">JAN NINE MANAGEMENT CO LTD<\/b><\/p><ul data-path-to-node=\"47,0,1\"><li><p data-path-to-node=\"47,0,1,0,0\"><b data-path-to-node=\"47,0,1,0,0\" data-index-in-node=\"0\">Address:<\/b> 875 Soi Prasertsit (49\/14) Sukhumvit Rd, Klongton Noea, Wattana Bangkok 10110<\/p><\/li><li><p data-path-to-node=\"47,0,1,1,0\"><b data-path-to-node=\"47,0,1,1,0\" data-index-in-node=\"0\">Contact:<\/b> Patsavud Urairatana (Managing Director)<\/p><\/li><li><p data-path-to-node=\"47,0,1,2,0\"><b data-path-to-node=\"47,0,1,2,0\" data-index-in-node=\"0\">Telephone:<\/b> 0 2716 6114-5<\/p><\/li><li><p data-path-to-node=\"47,0,1,3,0\"><b data-path-to-node=\"47,0,1,3,0\" data-index-in-node=\"0\">Email:<\/b> patsavud@janninegroup.com<\/p><\/li><\/ul><\/li><\/ul>\t\t\t\t\t\t\t\t<\/div>\n\t\t\t\t<\/div>\n\t\t\t\t\t<\/div>\n\t\t\t\t<\/div>\n\t\t\t\t<\/div>","protected":false},"excerpt":{"rendered":"<p>DISTRIBUCI\u00d3N INTERNACIONAL EUROPA Alemania Ruthmann Holdings GmbH Direcci\u00f3n: Ruthmannstra\u00dfe 4, 48712 Gescher Contacto: Viktoria Heinze Tel\u00e9fono: +49 (0) 2863 204 248 Email: viktoria.heinze@ruthmann.de Web: www.ruthmann.de Austria Ruthmann GmbH Direcci\u00f3n: Gewerbeparkstra\u00dfe 3, 8143 Dobl\/Graz Contacto: Bernhard Reinisch Tel\u00e9fono: +43 664 2246422 Bulgaria BULACCESS Ltd. Direcci\u00f3n: Myunchen 14, 1528 Sofia Contacto: Sava Dimitrov Tel\u00e9fono: +359 2 973 &hellip;<\/p>\n<p class=\"read-more\"> <a class=\"\" href=\"https:\/\/movex2023.nuevawebactual.es\/en\/distribucion-internacional\/\"> <span class=\"screen-reader-text\">International Distribution<\/span> Read More &raquo;<\/a><\/p>","protected":false},"author":1,"featured_media":0,"parent":0,"menu_order":0,"comment_status":"closed","ping_status":"closed","template":"","meta":{"site-sidebar-layout":"no-sidebar","site-content-layout":"","ast-site-content-layout":"full-width-container","site-content-style":"default","site-sidebar-style":"default","ast-global-header-display":"","ast-banner-title-visibility":"","ast-main-header-display":"","ast-hfb-above-header-display":"","ast-hfb-below-header-display":"","ast-hfb-mobile-header-display":"","site-post-title":"disabled","ast-breadcrumbs-content":"","ast-featured-img":"disabled","footer-sml-layout":"","theme-transparent-header-meta":"","adv-header-id-meta":"","stick-header-meta":"","header-above-stick-meta":"","header-main-stick-meta":"","header-below-stick-meta":"","astra-migrate-meta-layouts":"","footnotes":""},"class_list":["post-1163","page","type-page","status-publish","hentry"],"rttpg_featured_image_url":null,"rttpg_author":{"display_name":"DeveloperActu@l23","author_link":"https:\/\/movex2023.nuevawebactual.es\/en\/author\/developeractul23\/"},"rttpg_comment":0,"rttpg_category":null,"rttpg_excerpt":"DISTRIBUCI\u00d3N INTERNACIONAL EUROPA Alemania Ruthmann Holdings GmbH Direcci\u00f3n: Ruthmannstra\u00dfe 4, 48712 Gescher Contacto: Viktoria Heinze Tel\u00e9fono: +49 (0) 2863 204 248 Email: viktoria.heinze@ruthmann.de Web: www.ruthmann.de Austria Ruthmann GmbH Direcci\u00f3n: Gewerbeparkstra\u00dfe 3, 8143 Dobl\/Graz Contacto: Bernhard Reinisch Tel\u00e9fono: +43 664 2246422 Bulgaria BULACCESS Ltd. Direcci\u00f3n: Myunchen 14, 1528 Sofia Contacto: Sava Dimitrov Tel\u00e9fono: +359 2 973&hellip;","_links":{"self":[{"href":"https:\/\/movex2023.nuevawebactual.es\/en\/wp-json\/wp\/v2\/pages\/1163","targetHints":{"allow":["GET"]}}],"collection":[{"href":"https:\/\/movex2023.nuevawebactual.es\/en\/wp-json\/wp\/v2\/pages"}],"about":[{"href":"https:\/\/movex2023.nuevawebactual.es\/en\/wp-json\/wp\/v2\/types\/page"}],"author":[{"embeddable":true,"href":"https:\/\/movex2023.nuevawebactual.es\/en\/wp-json\/wp\/v2\/users\/1"}],"replies":[{"embeddable":true,"href":"https:\/\/movex2023.nuevawebactual.es\/en\/wp-json\/wp\/v2\/comments?post=1163"}],"version-history":[{"count":10,"href":"https:\/\/movex2023.nuevawebactual.es\/en\/wp-json\/wp\/v2\/pages\/1163\/revisions"}],"predecessor-version":[{"id":1426,"href":"https:\/\/movex2023.nuevawebactual.es\/en\/wp-json\/wp\/v2\/pages\/1163\/revisions\/1426"}],"wp:attachment":[{"href":"https:\/\/movex2023.nuevawebactual.es\/en\/wp-json\/wp\/v2\/media?parent=1163"}],"curies":[{"name":"wp","href":"https:\/\/api.w.org\/{rel}","templated":true}]}}