{"id":1007,"date":"2023-11-27T19:57:35","date_gmt":"2023-11-27T18:57:35","guid":{"rendered":"https:\/\/movex2023.nuevawebactual.es\/?page_id=1007"},"modified":"2023-11-27T19:59:03","modified_gmt":"2023-11-27T18:59:03","slug":"politica-de-calidad","status":"publish","type":"page","link":"https:\/\/movex2023.nuevawebactual.es\/en\/politica-de-calidad\/","title":{"rendered":"Quality Policy"},"content":{"rendered":"<div data-elementor-type=\"wp-page\" data-elementor-id=\"1007\" class=\"elementor elementor-1007\">\n\t\t\t\t<div class=\"elementor-element elementor-element-1d4a226 e-con-full e-flex e-con e-parent\" data-id=\"1d4a226\" data-element_type=\"container\" data-e-type=\"container\" data-settings=\"{&quot;background_background&quot;:&quot;classic&quot;}\">\n\t\t\t\t<div class=\"elementor-element elementor-element-cf105c9 elementor-widget elementor-widget-heading\" data-id=\"cf105c9\" data-element_type=\"widget\" data-e-type=\"widget\" data-widget_type=\"heading.default\">\n\t\t\t\t<div class=\"elementor-widget-container\">\n\t\t\t\t\t<h2 class=\"elementor-heading-title elementor-size-default\">POL\u00cdTICA DE CALIDAD<\/h2>\t\t\t\t<\/div>\n\t\t\t\t<\/div>\n\t\t\t\t<\/div>\n\t\t<div class=\"elementor-element elementor-element-02cbed8 e-flex e-con-boxed e-con e-parent\" data-id=\"02cbed8\" data-element_type=\"container\" data-e-type=\"container\">\n\t\t\t\t\t<div class=\"e-con-inner\">\n\t\t\t\t<div class=\"elementor-element elementor-element-66dc6ad elementor-widget elementor-widget-text-editor\" data-id=\"66dc6ad\" data-element_type=\"widget\" data-e-type=\"widget\" data-widget_type=\"text-editor.default\">\n\t\t\t\t<div class=\"elementor-widget-container\">\n\t\t\t\t\t\t\t\t\t<div class=\"vc_row wpb_row vc_row-fluid\"><div class=\"wpb_column vc_column_container vc_col-sm-12\"><div class=\"vc_column-inner\"><div class=\"wpb_wrapper\"><div class=\"wpb_text_column wpb_content_element\"><div class=\"wpb_wrapper\"><p><strong>Talleres Velilla S.A.U.<\/strong>\u00a0apuesta por la mejora continua de sus procesos como base para garantizar la satisfacci\u00f3n de sus clientes. Por ello, la Direcci\u00f3n ha decidido implantar y mantener un Sistema de Gesti\u00f3n de Calidad seg\u00fan los requisitos de la norma ISO 9001:20015.<\/p><p>La pol\u00edtica de Calidad definida en\u00a0<strong>Talleres Velilla S.A.U.<\/strong>\u00a0se basa en los siguientes principios:<\/p><ul><li>Ofrecer los productos con el mayor nivel de seguridad y calidad del mercado cumpliendo con los requisitos establecidos en la legislaci\u00f3n vigente en cada momento.<\/li><li>Satisfacer las necesidades de los clientes, proporcion\u00e1ndoles equipos personalizados e innovadores.<\/li><li>Garantizar a los clientes el mantenimiento futuro de nuestros equipos tanto en asistencia t\u00e9cnica como en repuestos.<\/li><li>Ofrecer a los clientes un curso de capacitaci\u00f3n de alta calidad respaldado por la prestigiosa instituci\u00f3n IPAF.<\/li><li>Trabajar en nuevos productos con bajo \u00edndice de contaminaci\u00f3n medioambiental y ac\u00fastica.<\/li><\/ul><p>La Direcci\u00f3n de\u00a0<strong>Talleres Velilla S.A.U.<\/strong>\u00a0se compromete a proporcionar todos los recursos humanos y materiales necesarios para el mantenimiento y mejora de la eficacia del Sistema de Gesti\u00f3n.<\/p><p>Nuestra pol\u00edtica de calidad es conocida, entendida y aplicada por todos y cada uno de los colaboradores que forman parte de nuestra organizaci\u00f3n y apoyada por la Direcci\u00f3n que se compromete a velar por la correcta aplicaci\u00f3n de esta pol\u00edtica y revisarla peri\u00f3dicamente para su correcta adecuaci\u00f3n.<\/p><p><b>28\/02\/2022<\/b><\/p><\/div><\/div><\/div><\/div><\/div><\/div><div class=\"vc_row wpb_row vc_row-fluid\"><div class=\"wpb_column vc_column_container vc_col-sm-12\"><div class=\"vc_column-inner\"><div class=\"wpb_wrapper\"><div class=\"wpb_text_column wpb_content_element\"><div class=\"wpb_wrapper\"><div class=\"wp-block-file\"><a href=\"https:\/\/movex2023.nuevawebactual.es\/wp-content\/uploads\/2023\/11\/Certificado-ISO9001-201-2025.pdf\">Certificado ISO<\/a><\/div><\/div><\/div><\/div><\/div><\/div><\/div>\t\t\t\t\t\t\t\t<\/div>\n\t\t\t\t<\/div>\n\t\t\t\t\t<\/div>\n\t\t\t\t<\/div>\n\t\t\t\t<\/div>","protected":false},"excerpt":{"rendered":"<p>POL\u00cdTICA DE CALIDAD Talleres Velilla S.A.U.\u00a0apuesta por la mejora continua de sus procesos como base para garantizar la satisfacci\u00f3n de sus clientes. Por ello, la Direcci\u00f3n ha decidido implantar y mantener un Sistema de Gesti\u00f3n de Calidad seg\u00fan los requisitos de la norma ISO 9001:20015. La pol\u00edtica de Calidad definida en\u00a0Talleres Velilla S.A.U.\u00a0se basa en &hellip;<\/p>\n<p class=\"read-more\"> <a class=\"\" href=\"https:\/\/movex2023.nuevawebactual.es\/en\/politica-de-calidad\/\"> <span class=\"screen-reader-text\">Quality Policy<\/span> Read More &raquo;<\/a><\/p>","protected":false},"author":1,"featured_media":0,"parent":0,"menu_order":0,"comment_status":"closed","ping_status":"closed","template":"elementor_header_footer","meta":{"site-sidebar-layout":"no-sidebar","site-content-layout":"","ast-site-content-layout":"full-width-container","site-content-style":"default","site-sidebar-style":"default","ast-global-header-display":"","ast-banner-title-visibility":"","ast-main-header-display":"","ast-hfb-above-header-display":"","ast-hfb-below-header-display":"","ast-hfb-mobile-header-display":"","site-post-title":"disabled","ast-breadcrumbs-content":"","ast-featured-img":"disabled","footer-sml-layout":"","theme-transparent-header-meta":"","adv-header-id-meta":"","stick-header-meta":"","header-above-stick-meta":"","header-main-stick-meta":"","header-below-stick-meta":"","astra-migrate-meta-layouts":"","footnotes":""},"class_list":["post-1007","page","type-page","status-publish","hentry"],"rttpg_featured_image_url":null,"rttpg_author":{"display_name":"DeveloperActu@l23","author_link":"https:\/\/movex2023.nuevawebactual.es\/en\/author\/developeractul23\/"},"rttpg_comment":0,"rttpg_category":null,"rttpg_excerpt":"POL\u00cdTICA DE CALIDAD Talleres Velilla S.A.U.\u00a0apuesta por la mejora continua de sus procesos como base para garantizar la satisfacci\u00f3n de sus clientes. Por ello, la Direcci\u00f3n ha decidido implantar y mantener un Sistema de Gesti\u00f3n de Calidad seg\u00fan los requisitos de la norma ISO 9001:20015. La pol\u00edtica de Calidad definida en\u00a0Talleres Velilla S.A.U.\u00a0se basa en&hellip;","_links":{"self":[{"href":"https:\/\/movex2023.nuevawebactual.es\/en\/wp-json\/wp\/v2\/pages\/1007","targetHints":{"allow":["GET"]}}],"collection":[{"href":"https:\/\/movex2023.nuevawebactual.es\/en\/wp-json\/wp\/v2\/pages"}],"about":[{"href":"https:\/\/movex2023.nuevawebactual.es\/en\/wp-json\/wp\/v2\/types\/page"}],"author":[{"embeddable":true,"href":"https:\/\/movex2023.nuevawebactual.es\/en\/wp-json\/wp\/v2\/users\/1"}],"replies":[{"embeddable":true,"href":"https:\/\/movex2023.nuevawebactual.es\/en\/wp-json\/wp\/v2\/comments?post=1007"}],"version-history":[{"count":4,"href":"https:\/\/movex2023.nuevawebactual.es\/en\/wp-json\/wp\/v2\/pages\/1007\/revisions"}],"predecessor-version":[{"id":1012,"href":"https:\/\/movex2023.nuevawebactual.es\/en\/wp-json\/wp\/v2\/pages\/1007\/revisions\/1012"}],"wp:attachment":[{"href":"https:\/\/movex2023.nuevawebactual.es\/en\/wp-json\/wp\/v2\/media?parent=1007"}],"curies":[{"name":"wp","href":"https:\/\/api.w.org\/{rel}","templated":true}]}}